{"id":15481,"date":"2025-04-15T17:23:40","date_gmt":"2025-04-15T15:23:40","guid":{"rendered":"https:\/\/vossgass.no\/produkt\/olivia-fritidsovn\/"},"modified":"2026-03-03T15:30:26","modified_gmt":"2026-03-03T14:30:26","slug":"olivia-fritidsovn","status":"publish","type":"product","link":"https:\/\/vossgass.no\/en\/product\/olivia-fritidsovn\/","title":{"rendered":"Olivia Fritidsovn"},"content":{"rendered":"","protected":false},"excerpt":{"rendered":"<p>Olivia er en praktisk st\u00f8pejernsgryte konstruert slik at du kan benytte den som stekeovn p\u00e5 gassblusset eller en elektrisk kokeplate. Olivia kan du ta med deg og benytte overalt enten du er p\u00e5 hytta, b\u00e5ten, i campingvognen eller p\u00e5 tur.<\/p>\n<p>Fritidsovn for bruk p\u00e5 alle varmekilder<br \/>\nKonstruksjonen s\u00f8rger for b\u00e5de over- og undervarme<br \/>\nSt\u00f8pejern som magasinerer varmen godt<br \/>\nOlivia har et hull i bunnen av gryta noe som gj\u00f8r at varmen sirkulerer opp i lokket og gir overvarme. I Olivia kan du lage gratenger, lasagne, omeletter, steke br\u00f8d og rundstykker, pommes frites osv. Bare fantasien setter grenser! N\u00e5r du har campet i dagesvis er det en ren luksus \u00e5 kunne steke rundstykker i Olivia, fremfor dager-gammelt br\u00f8d.<\/p>\n<p>Olivia fungerer p\u00e5 alle varmekilder, gassbluss, elektriske plater (ogs\u00e5 induksjon), eller b\u00e5l. Bruk svak varme.<\/p>\n<p>Olivia har en diameter p\u00e5 25 cm, og er 6 cm h\u00f8y eller 10,1 cm h\u00f8y med lokket p\u00e5. Fritidsovnen veier 4 kg.<\/p>","protected":false},"featured_media":16918,"comment_status":"open","ping_status":"closed","template":"","meta":[],"product_brand":[],"product_cat":[260,292],"product_tag":[],"class_list":{"0":"post-15481","1":"product","2":"type-product","3":"status-publish","4":"has-post-thumbnail","6":"product_cat-hytte-camping-fritid","7":"product_cat-kjokken-gass","9":"first","10":"instock","11":"taxable","12":"shipping-taxable","13":"purchasable","14":"product-type-simple"},"_links":{"self":[{"href":"https:\/\/vossgass.no\/en\/wp-json\/wp\/v2\/product\/15481","targetHints":{"allow":["GET"]}}],"collection":[{"href":"https:\/\/vossgass.no\/en\/wp-json\/wp\/v2\/product"}],"about":[{"href":"https:\/\/vossgass.no\/en\/wp-json\/wp\/v2\/types\/product"}],"replies":[{"embeddable":true,"href":"https:\/\/vossgass.no\/en\/wp-json\/wp\/v2\/comments?post=15481"}],"wp:featuredmedia":[{"embeddable":true,"href":"https:\/\/vossgass.no\/en\/wp-json\/wp\/v2\/media\/16918"}],"wp:attachment":[{"href":"https:\/\/vossgass.no\/en\/wp-json\/wp\/v2\/media?parent=15481"}],"wp:term":[{"taxonomy":"product_brand","embeddable":true,"href":"https:\/\/vossgass.no\/en\/wp-json\/wp\/v2\/product_brand?post=15481"},{"taxonomy":"product_cat","embeddable":true,"href":"https:\/\/vossgass.no\/en\/wp-json\/wp\/v2\/product_cat?post=15481"},{"taxonomy":"product_tag","embeddable":true,"href":"https:\/\/vossgass.no\/en\/wp-json\/wp\/v2\/product_tag?post=15481"}],"curies":[{"name":"wp","href":"https:\/\/api.w.org\/{rel}","templated":true}]}}