{"id":15473,"date":"2025-04-15T17:22:06","date_gmt":"2025-04-15T15:22:06","guid":{"rendered":"https:\/\/vossgass.no\/produkt\/brannbeskyttelse-maus-stixx-pro-aut-slukker\/"},"modified":"2026-03-03T15:33:41","modified_gmt":"2026-03-03T14:33:41","slug":"brannbeskyttelse-maus-stixx-pro-aut-slukker","status":"publish","type":"product","link":"https:\/\/vossgass.no\/en\/product\/brannbeskyttelse-maus-stixx-pro-aut-slukker\/","title":{"rendered":"Brannbeskyttelse Maus Stixx Pro. Aut. slukker"},"content":{"rendered":"","protected":false},"excerpt":{"rendered":"<p>Maus automatisk brannvernaggregat er en unik innovasjon som kan redde en campingvogn\/bobil fra brann i elektriske installasjoner, batteriboks, gasslagringsplass, motorrom, kj\u00f8l\/frys m.m.<\/p>\n<p>N\u00f8kkelegenskaper<\/p>\n<p>\u2022 Utl\u00f8ses raskt ved brann.<\/p>\n<p>\u2022 Ingen str\u00f8m, ikke noe trykk og ingen kabler n\u00f8dvendig.<\/p>\n<p>\u2022 10 sekunders installasjon.<\/p>\n<p>\u2022 5 \u00e5rs brannvern.<\/p>\n<p>\u2022 Krever ikke vedlikehold.<\/p>\n<p>Maus Stixx Pro er en liten automatisk brannsikring som slukker brannen f\u00f8r den i det hele tatt har startet. N\u00e5r enheten f\u00f8ler varme ved 180\u00b0C aktiveres enheten og sender ut en helt giftfri og milj\u00f8vennlig kaliumbasert aerosol (r\u00f8yk) ut i rommet og slukker brannen. Det er i overkant av 150 branner i \u00e5ret i campingvogner og bobiler.<\/p>\n<p>Elektriske\/koblingssentraler og batteribokser er en vanlig brannkilde og de oppst\u00e5r vanligvis n\u00e5r vibrasjoner gnider av kabelisolasjonen eller l\u00f8sner koblinger og l\u00f8sthengende kabler i trange rom som gir h\u00f8y varmeutvikling. Fuktighet og skadedyr kan ogs\u00e5 v\u00e6re en direkte \u00e5rsak. En brann i bobil eller campingvogn g\u00e5r veldig fort og kan fort bli en d\u00f8dsfelle. Maus Stixx Pro gir samme beskyttelse i LPG-rom som i kraftstasjoner og over kompressoren bak kj\u00f8l\/frys hvor en overopphetet kompressor og\/eller gasslekkasje for\u00e5rsaker mange branner \u00e5rlig. Maus Stixx Pro festes enkelt p\u00e5 innsiden av el-skapet, sentralbordet, i batteriboksen, i gassrommet eller annen plass som \u00f8nskes brannsikker og gir automatisk brannsikring i 5 \u00e5r som ikke krever vedlikehold, str\u00f8m eller trykk.<\/p>\n<p>MERK! Maus Stixx Pro trenger 3 cm plass ved portene for \u00e5 kunne sende ut slokkemiddelet riktig. Enheten er designet for lukkede rom (ikke \u00e5pne rom). Ventilerte rom er ikke ideelle for denne teknologien.<\/p>","protected":false},"featured_media":16910,"comment_status":"open","ping_status":"closed","template":"","meta":[],"product_brand":[],"product_cat":[630,260],"product_tag":[],"class_list":{"0":"post-15473","1":"product","2":"type-product","3":"status-publish","4":"has-post-thumbnail","6":"product_cat-camping-bobilutsyr","7":"product_cat-hytte-camping-fritid","9":"first","10":"instock","11":"taxable","12":"shipping-taxable","13":"purchasable","14":"product-type-simple"},"_links":{"self":[{"href":"https:\/\/vossgass.no\/en\/wp-json\/wp\/v2\/product\/15473","targetHints":{"allow":["GET"]}}],"collection":[{"href":"https:\/\/vossgass.no\/en\/wp-json\/wp\/v2\/product"}],"about":[{"href":"https:\/\/vossgass.no\/en\/wp-json\/wp\/v2\/types\/product"}],"replies":[{"embeddable":true,"href":"https:\/\/vossgass.no\/en\/wp-json\/wp\/v2\/comments?post=15473"}],"wp:featuredmedia":[{"embeddable":true,"href":"https:\/\/vossgass.no\/en\/wp-json\/wp\/v2\/media\/16910"}],"wp:attachment":[{"href":"https:\/\/vossgass.no\/en\/wp-json\/wp\/v2\/media?parent=15473"}],"wp:term":[{"taxonomy":"product_brand","embeddable":true,"href":"https:\/\/vossgass.no\/en\/wp-json\/wp\/v2\/product_brand?post=15473"},{"taxonomy":"product_cat","embeddable":true,"href":"https:\/\/vossgass.no\/en\/wp-json\/wp\/v2\/product_cat?post=15473"},{"taxonomy":"product_tag","embeddable":true,"href":"https:\/\/vossgass.no\/en\/wp-json\/wp\/v2\/product_tag?post=15473"}],"curies":[{"name":"wp","href":"https:\/\/api.w.org\/{rel}","templated":true}]}}