{"id":15464,"date":"2025-04-15T17:20:37","date_gmt":"2025-04-15T15:20:37","guid":{"rendered":"https:\/\/vossgass.no\/produkt\/lallemand-nottingham-glutenfri\/"},"modified":"2026-03-09T10:21:37","modified_gmt":"2026-03-09T09:21:37","slug":"lallemand-nottingham-glutenfri","status":"publish","type":"product","link":"https:\/\/vossgass.no\/en\/product\/lallemand-nottingham-glutenfri\/","title":{"rendered":"Lallemand Nottingham Glutenfri T\u00f8rrgj\u00e6r"},"content":{"rendered":"","protected":false},"excerpt":{"rendered":"<p>Nottingham er en overgj\u00e6rende gj\u00e6rstamme som er meget anvendelig og passer dermed veldig godt i en rekke \u00f8ltyper. Den har en lett og n\u00f8ytral aroma, med et hint av fruktige estere. Dette gj\u00f8r at humle og maltsmakene blir framhevet i smaksbildet. Den kan fermerentere p\u00e5 et bredt temperaturspekter, og kan tiln\u00e6rmet pitches som en lagergj\u00e6r om \u00f8nsket.<\/p>\n<p>Gj\u00e6rstamme: Saccharomyces Cerevisiae<br \/>\nForetrukket gj\u00e6ringstemperatur: 14-21\u00b0C<br \/>\nUtgj\u00e6ring: H\u00f8y<br \/>\nFlokkulering Medium\/H\u00f8y.<\/p>\n<p>Gj\u00e6rtype:\tOvergj\u00e6r\/alegj\u00e6r<br \/>\nPasser til:<br \/>\nAmerikanske Ales<br \/>\nEngelske Ales<br \/>\nIPA<br \/>\nPale Ale<br \/>\nPorter\/Stout<br \/>\nVekt:\t10 &#8211; 11,5 g<\/p>","protected":false},"featured_media":16901,"comment_status":"open","ping_status":"closed","template":"","meta":[],"product_brand":[],"product_cat":[180,91,149],"product_tag":[],"class_list":{"0":"post-15464","1":"product","2":"type-product","3":"status-publish","4":"has-post-thumbnail","6":"product_cat-gjaer","7":"product_cat-heimabrygg","8":"product_cat-ravarer","10":"first","11":"instock","12":"taxable","13":"shipping-taxable","14":"purchasable","15":"product-type-simple"},"_links":{"self":[{"href":"https:\/\/vossgass.no\/en\/wp-json\/wp\/v2\/product\/15464","targetHints":{"allow":["GET"]}}],"collection":[{"href":"https:\/\/vossgass.no\/en\/wp-json\/wp\/v2\/product"}],"about":[{"href":"https:\/\/vossgass.no\/en\/wp-json\/wp\/v2\/types\/product"}],"replies":[{"embeddable":true,"href":"https:\/\/vossgass.no\/en\/wp-json\/wp\/v2\/comments?post=15464"}],"wp:featuredmedia":[{"embeddable":true,"href":"https:\/\/vossgass.no\/en\/wp-json\/wp\/v2\/media\/16901"}],"wp:attachment":[{"href":"https:\/\/vossgass.no\/en\/wp-json\/wp\/v2\/media?parent=15464"}],"wp:term":[{"taxonomy":"product_brand","embeddable":true,"href":"https:\/\/vossgass.no\/en\/wp-json\/wp\/v2\/product_brand?post=15464"},{"taxonomy":"product_cat","embeddable":true,"href":"https:\/\/vossgass.no\/en\/wp-json\/wp\/v2\/product_cat?post=15464"},{"taxonomy":"product_tag","embeddable":true,"href":"https:\/\/vossgass.no\/en\/wp-json\/wp\/v2\/product_tag?post=15464"}],"curies":[{"name":"wp","href":"https:\/\/api.w.org\/{rel}","templated":true}]}}