{"id":15463,"date":"2025-04-15T17:20:32","date_gmt":"2025-04-15T15:20:32","guid":{"rendered":"https:\/\/vossgass.no\/produkt\/cascade-usa56-100g-humle\/"},"modified":"2026-04-10T10:16:03","modified_gmt":"2026-04-10T08:16:03","slug":"cascade-usa56-100g-humle","status":"publish","type":"product","link":"https:\/\/vossgass.no\/en\/product\/cascade-usa56-100g-humle\/","title":{"rendered":"Cascade USA,9,5 % 100g Humle"},"content":{"rendered":"","protected":false},"excerpt":{"rendered":"<p>Cascade passer utmerket til Amerikansk \u00f8l. Humlens ypperlige aroma gj\u00f8r den til en av de mest brukte humletypene. Dette er ogs\u00e5 den mest brukte i industriell \u00f8lproduksjon. Humlen kom p\u00e5 markedet i &#8217;72 og dyrkes prim\u00e6rt frem i Oregon.<\/p>\n<p>Cascade humlen inneholder moderate mengder alfasyre, vanligvis rundt 4,5-7%. Dens viktigste oppgave i \u00f8lbrygging er \u00e5 bidra med aroma. Om den brukes som bitterhumle kan den gi en anelse beskhet. Denne rasktvoksende planten har en frodig blomstrete aroma med en anelse krydder ved siden av. Humlens innhold av myrceneolje bidrar til en aroma av citrus og grapefrukt.<\/p>\n<p>Aroma\/Smak:<br \/>\nCitrus, grapefrukt, blomster<\/p>\n<p>Bruksomr\u00e5de:<br \/>\nSmak, Aroma<\/p>\n<p>Alternativ humle:<br \/>\nCentennial, Cashmere, Amarillo<\/p>\n<p>Anbefalte \u00f8lstiler:<br \/>\nIPA, Pale Ale<\/p>\n<p>Tips til humlekombinasjoner:<br \/>\nCascade, Simcoe, Columbus<br \/>\nCascade, Chinook, Citra<\/p>\n<p>Opprinnelsesland: USA<br \/>\nAlfasyreinnhold: 9,5%<br \/>\nForpakningsst\u00f8rrelse: 100 gram<\/p>","protected":false},"featured_media":16900,"comment_status":"open","ping_status":"closed","template":"","meta":[],"product_brand":[],"product_cat":[91,150,149],"product_tag":[],"class_list":{"0":"post-15463","1":"product","2":"type-product","3":"status-publish","4":"has-post-thumbnail","6":"product_cat-heimabrygg","7":"product_cat-humle","8":"product_cat-ravarer","10":"first","11":"instock","12":"taxable","13":"shipping-taxable","14":"purchasable","15":"product-type-simple"},"_links":{"self":[{"href":"https:\/\/vossgass.no\/en\/wp-json\/wp\/v2\/product\/15463","targetHints":{"allow":["GET"]}}],"collection":[{"href":"https:\/\/vossgass.no\/en\/wp-json\/wp\/v2\/product"}],"about":[{"href":"https:\/\/vossgass.no\/en\/wp-json\/wp\/v2\/types\/product"}],"replies":[{"embeddable":true,"href":"https:\/\/vossgass.no\/en\/wp-json\/wp\/v2\/comments?post=15463"}],"wp:featuredmedia":[{"embeddable":true,"href":"https:\/\/vossgass.no\/en\/wp-json\/wp\/v2\/media\/16900"}],"wp:attachment":[{"href":"https:\/\/vossgass.no\/en\/wp-json\/wp\/v2\/media?parent=15463"}],"wp:term":[{"taxonomy":"product_brand","embeddable":true,"href":"https:\/\/vossgass.no\/en\/wp-json\/wp\/v2\/product_brand?post=15463"},{"taxonomy":"product_cat","embeddable":true,"href":"https:\/\/vossgass.no\/en\/wp-json\/wp\/v2\/product_cat?post=15463"},{"taxonomy":"product_tag","embeddable":true,"href":"https:\/\/vossgass.no\/en\/wp-json\/wp\/v2\/product_tag?post=15463"}],"curies":[{"name":"wp","href":"https:\/\/api.w.org\/{rel}","templated":true}]}}