{"id":15455,"date":"2025-04-15T17:19:48","date_gmt":"2025-04-15T15:19:48","guid":{"rendered":"https:\/\/vossgass.no\/produkt\/campden-100gr\/"},"modified":"2026-03-10T12:21:37","modified_gmt":"2026-03-10T11:21:37","slug":"campden-100gr","status":"publish","type":"product","link":"https:\/\/vossgass.no\/en\/product\/campden-100gr\/","title":{"rendered":"Campden 100gr"},"content":{"rendered":"","protected":false},"excerpt":{"rendered":"<p>Campden pulver. Benyttes til \u00e5 forhindre oksidering, ta livet av eventuell villgj\u00e6r og stoppe evt p\u00e5g\u00e5ende gj\u00e6ring.<br \/>\nDette pulveret kan beyttes i vin, \u00f8l, juice, most av frukt ol. og kan ogs\u00e5 fungere som et desinfiseringsmiddel (sammen med sitronsyre)<\/p>\n<p>Inneholder kaliummetabisulfitt som er en atioksidant.<\/p>\n<p>Dosering:<br \/>\nFor \u00e5 forhindre oksidering og stoppe gj\u00e6ring: 1g \/ 10 liter<br \/>\nFor desinfisering: 1-2g Campden pulver + 0,5g sitronsyre \/ 1 liter<\/p>\n<p>Advarsel:<br \/>\nStoffet er etsende. Unng\u00e5 kontakt med huden. Benytt beskyttelse.<br \/>\nN\u00e5r stoffet blandes med sitronsyre utvikles en giftig gass. S\u00f8rg for god ventilasjon.<br \/>\nVed kontakt med hud: skyll med vann.<br \/>\nHvis inntatt oralt: kontakt lege.<\/p>","protected":false},"featured_media":16892,"comment_status":"open","ping_status":"closed","template":"","meta":[],"product_brand":[],"product_cat":[91,149,170],"product_tag":[],"class_list":{"0":"post-15455","1":"product","2":"type-product","3":"status-publish","4":"has-post-thumbnail","6":"product_cat-heimabrygg","7":"product_cat-ravarer","8":"product_cat-tilsetninger","10":"first","11":"instock","12":"taxable","13":"shipping-taxable","14":"purchasable","15":"product-type-simple"},"_links":{"self":[{"href":"https:\/\/vossgass.no\/en\/wp-json\/wp\/v2\/product\/15455","targetHints":{"allow":["GET"]}}],"collection":[{"href":"https:\/\/vossgass.no\/en\/wp-json\/wp\/v2\/product"}],"about":[{"href":"https:\/\/vossgass.no\/en\/wp-json\/wp\/v2\/types\/product"}],"replies":[{"embeddable":true,"href":"https:\/\/vossgass.no\/en\/wp-json\/wp\/v2\/comments?post=15455"}],"wp:featuredmedia":[{"embeddable":true,"href":"https:\/\/vossgass.no\/en\/wp-json\/wp\/v2\/media\/16892"}],"wp:attachment":[{"href":"https:\/\/vossgass.no\/en\/wp-json\/wp\/v2\/media?parent=15455"}],"wp:term":[{"taxonomy":"product_brand","embeddable":true,"href":"https:\/\/vossgass.no\/en\/wp-json\/wp\/v2\/product_brand?post=15455"},{"taxonomy":"product_cat","embeddable":true,"href":"https:\/\/vossgass.no\/en\/wp-json\/wp\/v2\/product_cat?post=15455"},{"taxonomy":"product_tag","embeddable":true,"href":"https:\/\/vossgass.no\/en\/wp-json\/wp\/v2\/product_tag?post=15455"}],"curies":[{"name":"wp","href":"https:\/\/api.w.org\/{rel}","templated":true}]}}