{"id":15448,"date":"2025-04-15T17:19:09","date_gmt":"2025-04-15T15:19:09","guid":{"rendered":"https:\/\/vossgass.no\/produkt\/dextrose-glukose-1-kg\/"},"modified":"2026-04-10T10:16:35","modified_gmt":"2026-04-10T08:16:35","slug":"dextrose-glukose-1-kg","status":"publish","type":"product","link":"https:\/\/vossgass.no\/en\/product\/dextrose-glukose-1-kg\/","title":{"rendered":"Dextrose\/Glukose 1 kg"},"content":{"rendered":"","protected":false},"excerpt":{"rendered":"<p>BESKRIVELSE<br \/>\nDextrose (= glukose = druesukker) en en enkel sukkertype (monosakkarid). Kan tilsettes i v\u00f8rteren mot slutten av koketiden og gir dermed et h\u00f8yere sukkerinnhold (gravity). Dextrose har h\u00f8y utgj\u00e6ring (gj\u00e6rer helt ut) og gir derfor en opplevelse av et t\u00f8rrere \u00f8l med lite rests\u00f8dme. Dette bidrar ogs\u00e5 til h\u00f8yere alkoholinnhold.<\/p>\n<p>Kan ogs\u00e5 brukes som brewing sukker, til karbonering og som tilsetning i cider-sett. Ogs\u00e5 egnet til fremstilling av kombucha. S\u00f8thet i forhold til sukrose (100) = 74,3.<\/p>","protected":false},"featured_media":16888,"comment_status":"open","ping_status":"closed","template":"","meta":[],"product_brand":[],"product_cat":[91,149,170],"product_tag":[],"class_list":{"0":"post-15448","1":"product","2":"type-product","3":"status-publish","4":"has-post-thumbnail","6":"product_cat-heimabrygg","7":"product_cat-ravarer","8":"product_cat-tilsetninger","10":"first","11":"instock","12":"taxable","13":"shipping-taxable","14":"purchasable","15":"product-type-simple"},"_links":{"self":[{"href":"https:\/\/vossgass.no\/en\/wp-json\/wp\/v2\/product\/15448","targetHints":{"allow":["GET"]}}],"collection":[{"href":"https:\/\/vossgass.no\/en\/wp-json\/wp\/v2\/product"}],"about":[{"href":"https:\/\/vossgass.no\/en\/wp-json\/wp\/v2\/types\/product"}],"replies":[{"embeddable":true,"href":"https:\/\/vossgass.no\/en\/wp-json\/wp\/v2\/comments?post=15448"}],"wp:featuredmedia":[{"embeddable":true,"href":"https:\/\/vossgass.no\/en\/wp-json\/wp\/v2\/media\/16888"}],"wp:attachment":[{"href":"https:\/\/vossgass.no\/en\/wp-json\/wp\/v2\/media?parent=15448"}],"wp:term":[{"taxonomy":"product_brand","embeddable":true,"href":"https:\/\/vossgass.no\/en\/wp-json\/wp\/v2\/product_brand?post=15448"},{"taxonomy":"product_cat","embeddable":true,"href":"https:\/\/vossgass.no\/en\/wp-json\/wp\/v2\/product_cat?post=15448"},{"taxonomy":"product_tag","embeddable":true,"href":"https:\/\/vossgass.no\/en\/wp-json\/wp\/v2\/product_tag?post=15448"}],"curies":[{"name":"wp","href":"https:\/\/api.w.org\/{rel}","templated":true}]}}