{"id":15445,"date":"2025-04-15T17:18:51","date_gmt":"2025-04-15T15:18:51","guid":{"rendered":"https:\/\/vossgass.no\/produkt\/spraymalt-lys-500g-opp-til-12-ebc\/"},"modified":"2026-04-07T14:41:56","modified_gmt":"2026-04-07T12:41:56","slug":"spraymalt-lys-500g-opp-til-12-ebc","status":"publish","type":"product","link":"https:\/\/vossgass.no\/en\/product\/spraymalt-lys-500g-opp-til-12-ebc\/","title":{"rendered":"Spraymalt, lys 500g opp til 12 EBC"},"content":{"rendered":"","protected":false},"excerpt":{"rendered":"<p>BESKRIVELSE<\/p>\n<p>Muntons Light Spraymalt &#8211; max 12 EBC ved 10% utblanding<br \/>\nBasert p\u00e5 100% bygg-malt.<\/p>\n<p>Spraymalt, ogs\u00e5 kalt DME (dried malt extract) er v\u00f8rter som er kokt og fryst\u00f8rket til pulverform. Det er mulig \u00e5 benytte sparaymalt alene for \u00e5 lage \u00f8l, eller s\u00e5 kan spraymalt tilsettes v\u00f8rteren din under kokeprosessen dersom du \u00f8nkser \u00e5 \u00f8ke gravity (OG).<\/p>\n<p>Spraymalt anbefales ogs\u00e5 benyttet i gj\u00e6rstartere. Gj\u00e6ren m\u00e5 formeres opp med maltose som utgangspunkt. Brukes vanlig sukker (sukrose eller fruktose) s\u00e5 vil ikke gj\u00e6ren formere seg opp riktig og det vil bli en d\u00e5rligere utgj\u00e6ring.  <\/p>","protected":false},"featured_media":16885,"comment_status":"open","ping_status":"closed","template":"","meta":[],"product_brand":[],"product_cat":[91,149,170],"product_tag":[],"class_list":{"0":"post-15445","1":"product","2":"type-product","3":"status-publish","4":"has-post-thumbnail","6":"product_cat-heimabrygg","7":"product_cat-ravarer","8":"product_cat-tilsetninger","10":"first","11":"instock","12":"taxable","13":"shipping-taxable","14":"purchasable","15":"product-type-simple"},"_links":{"self":[{"href":"https:\/\/vossgass.no\/en\/wp-json\/wp\/v2\/product\/15445","targetHints":{"allow":["GET"]}}],"collection":[{"href":"https:\/\/vossgass.no\/en\/wp-json\/wp\/v2\/product"}],"about":[{"href":"https:\/\/vossgass.no\/en\/wp-json\/wp\/v2\/types\/product"}],"replies":[{"embeddable":true,"href":"https:\/\/vossgass.no\/en\/wp-json\/wp\/v2\/comments?post=15445"}],"wp:featuredmedia":[{"embeddable":true,"href":"https:\/\/vossgass.no\/en\/wp-json\/wp\/v2\/media\/16885"}],"wp:attachment":[{"href":"https:\/\/vossgass.no\/en\/wp-json\/wp\/v2\/media?parent=15445"}],"wp:term":[{"taxonomy":"product_brand","embeddable":true,"href":"https:\/\/vossgass.no\/en\/wp-json\/wp\/v2\/product_brand?post=15445"},{"taxonomy":"product_cat","embeddable":true,"href":"https:\/\/vossgass.no\/en\/wp-json\/wp\/v2\/product_cat?post=15445"},{"taxonomy":"product_tag","embeddable":true,"href":"https:\/\/vossgass.no\/en\/wp-json\/wp\/v2\/product_tag?post=15445"}],"curies":[{"name":"wp","href":"https:\/\/api.w.org\/{rel}","templated":true}]}}