{"id":15443,"date":"2025-04-15T17:18:39","date_gmt":"2025-04-15T15:18:39","guid":{"rendered":"https:\/\/vossgass.no\/produkt\/mais-flak-crisp-1-kg-ebc-15\/"},"modified":"2026-03-10T12:34:47","modified_gmt":"2026-03-10T11:34:47","slug":"mais-flak-crisp-1-kg-ebc-15","status":"publish","type":"product","link":"https:\/\/vossgass.no\/en\/product\/mais-flak-crisp-1-kg-ebc-15\/","title":{"rendered":"Mais Flak 1 kg EBC 1,5"},"content":{"rendered":"","protected":false},"excerpt":{"rendered":"<p>Maize Flakes<\/p>\n<p>Mais er mye brukt i produksjonen av amerikansk pils. I noen av disse Lager-\u00f8lene kan maisen v\u00e6re opptil 50% av maltblandingen. Hvis du lager en lys \u00f8l kan man bruke mais for \u00e5 f\u00e5 en enda lysere \u00f8l, enn hvis man kun benytter bygg i maltblandingen. Flaket mais gir ganske n\u00f8ytral smak i ales, og et lite hint av mais i lysere \u00f8l.<\/p>\n<p>Flaket mais er valset og varmebehandlet, det kan derfor brukes direkte i mesken.<\/p>\n<p>Type: Flaket mais<br \/>\nFarge: 3 &#8211; 4 EBC<br \/>\nProdusent: Castle malting<\/p>","protected":false},"featured_media":18079,"comment_status":"open","ping_status":"closed","template":"","meta":[],"product_brand":[],"product_cat":[91,633,149],"product_tag":[],"class_list":{"0":"post-15443","1":"product","2":"type-product","3":"status-publish","4":"has-post-thumbnail","6":"product_cat-heimabrygg","7":"product_cat-malt-i-lausvekt","8":"product_cat-ravarer","10":"first","11":"instock","12":"taxable","13":"shipping-taxable","14":"purchasable","15":"product-type-simple"},"_links":{"self":[{"href":"https:\/\/vossgass.no\/en\/wp-json\/wp\/v2\/product\/15443","targetHints":{"allow":["GET"]}}],"collection":[{"href":"https:\/\/vossgass.no\/en\/wp-json\/wp\/v2\/product"}],"about":[{"href":"https:\/\/vossgass.no\/en\/wp-json\/wp\/v2\/types\/product"}],"replies":[{"embeddable":true,"href":"https:\/\/vossgass.no\/en\/wp-json\/wp\/v2\/comments?post=15443"}],"wp:featuredmedia":[{"embeddable":true,"href":"https:\/\/vossgass.no\/en\/wp-json\/wp\/v2\/media\/18079"}],"wp:attachment":[{"href":"https:\/\/vossgass.no\/en\/wp-json\/wp\/v2\/media?parent=15443"}],"wp:term":[{"taxonomy":"product_brand","embeddable":true,"href":"https:\/\/vossgass.no\/en\/wp-json\/wp\/v2\/product_brand?post=15443"},{"taxonomy":"product_cat","embeddable":true,"href":"https:\/\/vossgass.no\/en\/wp-json\/wp\/v2\/product_cat?post=15443"},{"taxonomy":"product_tag","embeddable":true,"href":"https:\/\/vossgass.no\/en\/wp-json\/wp\/v2\/product_tag?post=15443"}],"curies":[{"name":"wp","href":"https:\/\/api.w.org\/{rel}","templated":true}]}}