{"id":15442,"date":"2025-04-15T17:18:32","date_gmt":"2025-04-15T15:18:32","guid":{"rendered":"https:\/\/vossgass.no\/produkt\/smoked-roykt-malt-1-kg-ebc-6\/"},"modified":"2026-03-10T12:36:36","modified_gmt":"2026-03-10T11:36:36","slug":"smoked-roykt-malt-1-kg-ebc-6","status":"publish","type":"product","link":"https:\/\/vossgass.no\/en\/product\/smoked-roykt-malt-1-kg-ebc-6\/","title":{"rendered":"Smoked (r\u00f8ykt) malt 1 kg EBC 6 HEIL"},"content":{"rendered":"","protected":false},"excerpt":{"rendered":"<div class=\"vg-variant-buttons\" style=\"display:flex;gap:10px;margin:18px 0;\">\n  <a href=\"https:\/\/vossgass.no\/en\/product\/smoked-roykt-malt-1-kg-ebc-6-knust\/\" style=\"display:inline-block;padding:10px 22px;background:#8CC63F;color:#fff;border-radius:6px;font-weight:600;text-decoration:none;\">Lausvekt \u2013 knust<\/a>\n<\/div>\n<p>NB! Alt malt blir knust og blanda, dersom det ikkje er spesifisert i kommentarfeltet.<\/p>\n<p>R\u00f8ykmalt er laget ved \u00e5 t\u00f8rke hel eller deler av malt over et vedb\u00e5l, som da bidrar med en intens r\u00f8yksmak. R\u00f8ykmalt gir en unik karakter til visse typer \u00f8l.<\/p>\n<p>Det er meget viktig at man brukes riktig mengde med r\u00f8ykmalt i maltblandingen, hvis man bruker for mye vil det totalt overd\u00f8ve de andre smakene i \u00f8let, og man ender opp med en udrikkelig monokromatisk \u00f8l. Bruken av r\u00f8ykmalt skaper en viss splittelse blant konsumere der ute, noen liker rett og slett ikke smaken, mens andre synes den gir en unik karakter til visse typer \u00f8l. <\/p>\n<p>Til r\u00f8yking av denne malten brukes eple-, b\u00f8k-, kirseb\u00e6r- eller p\u00e6reved fra \u00f8kologisk rene omr\u00e5der nord-\u00f8st i Polen. Omr\u00e5det kalles Polens gr\u00f8nne lunge. <\/p>\n<p>All malt blir knust og samla i ein pose hvis ikkje anna blir spesifisert av deg<br \/>\n(dette kan du skrive i melding-til-butikken-feltet rett f\u00f8r betalingsdelen)<\/p>\n<p>&#8211; forel\u00f8pig kan du KUN bestille heile kilo her i nettbutikken<\/p>\n<p>Som alternativ, kan du velge \u00e5 sende di eiga oppskrift til post@vossgass.no<br \/>\nd\u00e5 f\u00e5r du akkurat den mengde malt du ynskjer av sortane som er p\u00e5 lager her i nettbutikken.<br \/>\nN\u00e5r alt er klart, kan du vippse oss og me sender, eller du henter og betaler i butikken.<\/p>\n<p>&#8211; humle og andre r\u00e5varer er fast mengde og blir ikkje delt opp, d\u00e5 er alternativet \u00e5 kj\u00f8pe ferdige \u00f8lsett.<\/p>","protected":false},"featured_media":16882,"comment_status":"open","ping_status":"closed","template":"","meta":[],"product_brand":[],"product_cat":[91,633,149],"product_tag":[],"class_list":{"0":"post-15442","1":"product","2":"type-product","3":"status-publish","4":"has-post-thumbnail","6":"product_cat-heimabrygg","7":"product_cat-malt-i-lausvekt","8":"product_cat-ravarer","10":"first","11":"instock","12":"taxable","13":"shipping-taxable","14":"purchasable","15":"product-type-simple"},"_links":{"self":[{"href":"https:\/\/vossgass.no\/en\/wp-json\/wp\/v2\/product\/15442","targetHints":{"allow":["GET"]}}],"collection":[{"href":"https:\/\/vossgass.no\/en\/wp-json\/wp\/v2\/product"}],"about":[{"href":"https:\/\/vossgass.no\/en\/wp-json\/wp\/v2\/types\/product"}],"replies":[{"embeddable":true,"href":"https:\/\/vossgass.no\/en\/wp-json\/wp\/v2\/comments?post=15442"}],"wp:featuredmedia":[{"embeddable":true,"href":"https:\/\/vossgass.no\/en\/wp-json\/wp\/v2\/media\/16882"}],"wp:attachment":[{"href":"https:\/\/vossgass.no\/en\/wp-json\/wp\/v2\/media?parent=15442"}],"wp:term":[{"taxonomy":"product_brand","embeddable":true,"href":"https:\/\/vossgass.no\/en\/wp-json\/wp\/v2\/product_brand?post=15442"},{"taxonomy":"product_cat","embeddable":true,"href":"https:\/\/vossgass.no\/en\/wp-json\/wp\/v2\/product_cat?post=15442"},{"taxonomy":"product_tag","embeddable":true,"href":"https:\/\/vossgass.no\/en\/wp-json\/wp\/v2\/product_tag?post=15442"}],"curies":[{"name":"wp","href":"https:\/\/api.w.org\/{rel}","templated":true}]}}