{"id":15440,"date":"2025-04-15T17:18:21","date_gmt":"2025-04-15T15:18:21","guid":{"rendered":"https:\/\/vossgass.no\/produkt\/klarning-protafloc-ca-1-2-tab-pr-20-l-15min-kok\/"},"modified":"2026-04-01T22:41:45","modified_gmt":"2026-04-01T20:41:45","slug":"klarning-protafloc-ca-1-2-tab-pr-20-l-15min-kok","status":"publish","type":"product","link":"https:\/\/vossgass.no\/en\/product\/klarning-protafloc-ca-1-2-tab-pr-20-l-15min-kok\/","title":{"rendered":"Klarning Protafloc, ca 1\/2 tab pr 20 L 15min kok."},"content":{"rendered":"","protected":false},"excerpt":{"rendered":"<p>Protafloc er tabletter produsert av karragenan. Tablettene tilsettes i kokekjelen og binder protein under kj\u00f8ling.<\/p>\n<p>Protafloc tabletter er et naturlig produkt som klarner \u00f8let uten \u00e5 p\u00e5virke skummet.<\/p>\n<p>PS: Protafloc erstatter v\u00e5rt tidligere produkt Whirlfloc, og har akkurat samme funksjon som Whirlfloc<\/p>","protected":false},"featured_media":16880,"comment_status":"open","ping_status":"closed","template":"","meta":[],"product_brand":[],"product_cat":[91,149,170],"product_tag":[],"class_list":{"0":"post-15440","1":"product","2":"type-product","3":"status-publish","4":"has-post-thumbnail","6":"product_cat-heimabrygg","7":"product_cat-ravarer","8":"product_cat-tilsetninger","10":"first","11":"outofstock","12":"taxable","13":"shipping-taxable","14":"purchasable","15":"product-type-simple"},"_links":{"self":[{"href":"https:\/\/vossgass.no\/en\/wp-json\/wp\/v2\/product\/15440","targetHints":{"allow":["GET"]}}],"collection":[{"href":"https:\/\/vossgass.no\/en\/wp-json\/wp\/v2\/product"}],"about":[{"href":"https:\/\/vossgass.no\/en\/wp-json\/wp\/v2\/types\/product"}],"replies":[{"embeddable":true,"href":"https:\/\/vossgass.no\/en\/wp-json\/wp\/v2\/comments?post=15440"}],"wp:featuredmedia":[{"embeddable":true,"href":"https:\/\/vossgass.no\/en\/wp-json\/wp\/v2\/media\/16880"}],"wp:attachment":[{"href":"https:\/\/vossgass.no\/en\/wp-json\/wp\/v2\/media?parent=15440"}],"wp:term":[{"taxonomy":"product_brand","embeddable":true,"href":"https:\/\/vossgass.no\/en\/wp-json\/wp\/v2\/product_brand?post=15440"},{"taxonomy":"product_cat","embeddable":true,"href":"https:\/\/vossgass.no\/en\/wp-json\/wp\/v2\/product_cat?post=15440"},{"taxonomy":"product_tag","embeddable":true,"href":"https:\/\/vossgass.no\/en\/wp-json\/wp\/v2\/product_tag?post=15440"}],"curies":[{"name":"wp","href":"https:\/\/api.w.org\/{rel}","templated":true}]}}