{"id":15439,"date":"2025-04-15T17:18:15","date_gmt":"2025-04-15T15:18:15","guid":{"rendered":"https:\/\/vossgass.no\/produkt\/klarning-eurogel-til-25-l-ol-75-gr-pr-pk\/"},"modified":"2026-03-10T12:43:54","modified_gmt":"2026-03-10T11:43:54","slug":"klarning-eurogel-til-25-l-ol-75-gr-pr-pk","status":"publish","type":"product","link":"https:\/\/vossgass.no\/en\/product\/klarning-eurogel-til-25-l-ol-75-gr-pr-pk\/","title":{"rendered":"Klarning  Eurogel til 25 l \u00f8l. 7,5 gr. pr. pk."},"content":{"rendered":"","protected":false},"excerpt":{"rendered":"<p>Et vegetabilsk klaringsprodukt i pulverform, som kan tils\u00e6ttes b\u00e5de under kogningen, men ogs\u00e5 som efterklaring.<\/p>","protected":false},"featured_media":16879,"comment_status":"open","ping_status":"closed","template":"","meta":[],"product_brand":[],"product_cat":[91,149,170],"product_tag":[],"class_list":{"0":"post-15439","1":"product","2":"type-product","3":"status-publish","4":"has-post-thumbnail","6":"product_cat-heimabrygg","7":"product_cat-ravarer","8":"product_cat-tilsetninger","10":"first","11":"instock","12":"taxable","13":"shipping-taxable","14":"purchasable","15":"product-type-simple"},"_links":{"self":[{"href":"https:\/\/vossgass.no\/en\/wp-json\/wp\/v2\/product\/15439","targetHints":{"allow":["GET"]}}],"collection":[{"href":"https:\/\/vossgass.no\/en\/wp-json\/wp\/v2\/product"}],"about":[{"href":"https:\/\/vossgass.no\/en\/wp-json\/wp\/v2\/types\/product"}],"replies":[{"embeddable":true,"href":"https:\/\/vossgass.no\/en\/wp-json\/wp\/v2\/comments?post=15439"}],"wp:featuredmedia":[{"embeddable":true,"href":"https:\/\/vossgass.no\/en\/wp-json\/wp\/v2\/media\/16879"}],"wp:attachment":[{"href":"https:\/\/vossgass.no\/en\/wp-json\/wp\/v2\/media?parent=15439"}],"wp:term":[{"taxonomy":"product_brand","embeddable":true,"href":"https:\/\/vossgass.no\/en\/wp-json\/wp\/v2\/product_brand?post=15439"},{"taxonomy":"product_cat","embeddable":true,"href":"https:\/\/vossgass.no\/en\/wp-json\/wp\/v2\/product_cat?post=15439"},{"taxonomy":"product_tag","embeddable":true,"href":"https:\/\/vossgass.no\/en\/wp-json\/wp\/v2\/product_tag?post=15439"}],"curies":[{"name":"wp","href":"https:\/\/api.w.org\/{rel}","templated":true}]}}