{"id":15437,"date":"2025-04-15T17:18:03","date_gmt":"2025-04-15T15:18:03","guid":{"rendered":"https:\/\/vossgass.no\/produkt\/m02-cider-overgjaer-alegjaer-cider\/"},"modified":"2026-03-10T12:48:12","modified_gmt":"2026-03-10T11:48:12","slug":"m02-cider-overgjaer-alegjaer-cider","status":"publish","type":"product","link":"https:\/\/vossgass.no\/en\/product\/m02-cider-overgjaer-alegjaer-cider\/","title":{"rendered":"M02 Cider OVERgj\u00e6r\/ALEgj\u00e6r CIDER T\u00f8rrgj\u00e6r"},"content":{"rendered":"","protected":false},"excerpt":{"rendered":"<p>M02 er en sidergj\u00e6r som produserer smaksrik og forfriskende sider. Den produserer gode mengder med fruktige estere under fermenteringen, noe som virkelig gj\u00f8r at fruktigheten i sideren f\u00e5r fritt spillerom. Man kan \u00f8ke esterproduksjonen ved \u00e5 fermentere ved h\u00f8yere temperaturer.  Den er meget robust og kan fermentere under utfordrende forhold. Den er meget alkoholtolerant, og t\u00e5ler opp til 17% ABV.<\/p>\n<p>Gj\u00e6rstamme: Saccharomyces Cerevisiae<br \/>\nForetrukket gj\u00e6ringstemperatur: 12-28 \u00b0C<br \/>\nUtgj\u00e6ring 95-100%<br \/>\nFlokkulering: H\u00f8y<\/p>\n<p>Gj\u00e6rtype\tOvergj\u00e6r\/alegj\u00e6r<br \/>\nPasser til\tCider<br \/>\nVekt\t10 &#8211; 11,5 g<\/p>","protected":false},"featured_media":16877,"comment_status":"open","ping_status":"closed","template":"","meta":[],"product_brand":[],"product_cat":[180,91,149],"product_tag":[],"class_list":{"0":"post-15437","1":"product","2":"type-product","3":"status-publish","4":"has-post-thumbnail","6":"product_cat-gjaer","7":"product_cat-heimabrygg","8":"product_cat-ravarer","10":"first","11":"instock","12":"taxable","13":"shipping-taxable","14":"purchasable","15":"product-type-simple"},"_links":{"self":[{"href":"https:\/\/vossgass.no\/en\/wp-json\/wp\/v2\/product\/15437","targetHints":{"allow":["GET"]}}],"collection":[{"href":"https:\/\/vossgass.no\/en\/wp-json\/wp\/v2\/product"}],"about":[{"href":"https:\/\/vossgass.no\/en\/wp-json\/wp\/v2\/types\/product"}],"replies":[{"embeddable":true,"href":"https:\/\/vossgass.no\/en\/wp-json\/wp\/v2\/comments?post=15437"}],"wp:featuredmedia":[{"embeddable":true,"href":"https:\/\/vossgass.no\/en\/wp-json\/wp\/v2\/media\/16877"}],"wp:attachment":[{"href":"https:\/\/vossgass.no\/en\/wp-json\/wp\/v2\/media?parent=15437"}],"wp:term":[{"taxonomy":"product_brand","embeddable":true,"href":"https:\/\/vossgass.no\/en\/wp-json\/wp\/v2\/product_brand?post=15437"},{"taxonomy":"product_cat","embeddable":true,"href":"https:\/\/vossgass.no\/en\/wp-json\/wp\/v2\/product_cat?post=15437"},{"taxonomy":"product_tag","embeddable":true,"href":"https:\/\/vossgass.no\/en\/wp-json\/wp\/v2\/product_tag?post=15437"}],"curies":[{"name":"wp","href":"https:\/\/api.w.org\/{rel}","templated":true}]}}