{"id":15433,"date":"2025-04-15T17:17:34","date_gmt":"2025-04-15T15:17:34","guid":{"rendered":"https:\/\/vossgass.no\/produkt\/simcoe-usa-109-100-gr-humle-pellets\/"},"modified":"2026-03-10T12:49:39","modified_gmt":"2026-03-10T11:49:39","slug":"simcoe-usa-109-100-gr-humle-pellets","status":"publish","type":"product","link":"https:\/\/vossgass.no\/en\/product\/simcoe-usa-109-100-gr-humle-pellets\/","title":{"rendered":"Simcoe USA 11,9%, 100 gr Humle pellets"},"content":{"rendered":"","protected":false},"excerpt":{"rendered":"<p>Simcoe \u2013 med perfekte humleegenskaper! Humlens spesielle kombinasjon av oljer gj\u00f8r den til et godt valg som bitterhumle. Simcoe brukes ogs\u00e5 som aromahumle og er kjent for sine aromatiske egenskaper. Simcoe blir beskrevet som fruktig med innslag av urter og gran. Simcoe er en av de humlene som lett assosieres med IPA, men har ganske mye st\u00f8rre bruksomr\u00e5det enn det. Av amerikanske bryggere blir Simcoe brukt p\u00e5 grensen til det lidenskapelige i en rekke forskjellige \u00f8ltyper.<\/p>\n<p>Aroma\/Smak:<br \/>\nPasjonsfrukt, aprikos, kvae(piny), fruktig<\/p>\n<p>Bruksomr\u00e5de:<br \/>\nBitter, Smak, Aroma<\/p>\n<p>Alternativ humle:<br \/>\nCascade, Amarillo, Centennial, Columbus, Magnum<\/p>\n<p>Anbefalte \u00f8lstiler:<br \/>\nIPA, Pale Ale<\/p>\n<p>Tips til humlekombinasjoner:<br \/>\nSimcoe, Cascade, Mosaic, Citra<br \/>\nSimcoe, Azacca, Mosaic<\/p>\n<p>Opprinnelsesland: USA<br \/>\nAlfasyreinnhold: 10,9%<br \/>\nForpakningsst\u00f8rrelse: 100 gram<\/p>","protected":false},"featured_media":16873,"comment_status":"open","ping_status":"closed","template":"","meta":[],"product_brand":[],"product_cat":[91,150,149],"product_tag":[],"class_list":{"0":"post-15433","1":"product","2":"type-product","3":"status-publish","4":"has-post-thumbnail","6":"product_cat-heimabrygg","7":"product_cat-humle","8":"product_cat-ravarer","10":"first","11":"instock","12":"taxable","13":"shipping-taxable","14":"purchasable","15":"product-type-simple"},"_links":{"self":[{"href":"https:\/\/vossgass.no\/en\/wp-json\/wp\/v2\/product\/15433","targetHints":{"allow":["GET"]}}],"collection":[{"href":"https:\/\/vossgass.no\/en\/wp-json\/wp\/v2\/product"}],"about":[{"href":"https:\/\/vossgass.no\/en\/wp-json\/wp\/v2\/types\/product"}],"replies":[{"embeddable":true,"href":"https:\/\/vossgass.no\/en\/wp-json\/wp\/v2\/comments?post=15433"}],"wp:featuredmedia":[{"embeddable":true,"href":"https:\/\/vossgass.no\/en\/wp-json\/wp\/v2\/media\/16873"}],"wp:attachment":[{"href":"https:\/\/vossgass.no\/en\/wp-json\/wp\/v2\/media?parent=15433"}],"wp:term":[{"taxonomy":"product_brand","embeddable":true,"href":"https:\/\/vossgass.no\/en\/wp-json\/wp\/v2\/product_brand?post=15433"},{"taxonomy":"product_cat","embeddable":true,"href":"https:\/\/vossgass.no\/en\/wp-json\/wp\/v2\/product_cat?post=15433"},{"taxonomy":"product_tag","embeddable":true,"href":"https:\/\/vossgass.no\/en\/wp-json\/wp\/v2\/product_tag?post=15433"}],"curies":[{"name":"wp","href":"https:\/\/api.w.org\/{rel}","templated":true}]}}