{"id":15431,"date":"2025-04-15T17:17:23","date_gmt":"2025-04-15T15:17:23","guid":{"rendered":"https:\/\/vossgass.no\/produkt\/chinook-usa-11-15-100g-humle\/"},"modified":"2026-04-10T10:16:10","modified_gmt":"2026-04-10T08:16:10","slug":"chinook-usa-11-15-100g-humle","status":"publish","type":"product","link":"https:\/\/vossgass.no\/en\/product\/chinook-usa-11-15-100g-humle\/","title":{"rendered":"Chinook USA 11-15% 100g Humle"},"content":{"rendered":"","protected":false},"excerpt":{"rendered":"<p>Chinook blir mest brukt i IPA&#8217;er og det man i dag ofte kaller &raquo;old school&raquo; IPA. Den h\u00f8ye alfasyren gj\u00f8r dette til en ideel humle b\u00e5de til bitterhet, smak og aroma.<\/p>\n<p>Aroma\/Smak:<br \/>\nSitrus, furun\u00e5l, krydret<\/p>\n<p>Bruksomr\u00e5de:<br \/>\nBitter, Smak, Aroma<\/p>\n<p>Alternativ humle:<br \/>\nColumbus, Tomahawk, Zeus<\/p>\n<p>Anbefalte \u00f8lstiler:<br \/>\nAmerikansk pale ale, IPA, Stout, Porter<\/p>\n<p>Tips til humlekombinasjoner:<br \/>\nChinook, Centennial, Cascade, Simcoe<br \/>\nChinook, Columbus, Citra, Amarillo<\/p>\n<p>Opprinnelsesland: USA<br \/>\nAlfasyreinnhold: 11-15%<br \/>\nForpakningsst\u00f8rrelse: 100 gram<\/p>","protected":false},"featured_media":16871,"comment_status":"open","ping_status":"closed","template":"","meta":[],"product_brand":[],"product_cat":[91,150,149],"product_tag":[],"class_list":{"0":"post-15431","1":"product","2":"type-product","3":"status-publish","4":"has-post-thumbnail","6":"product_cat-heimabrygg","7":"product_cat-humle","8":"product_cat-ravarer","10":"first","11":"instock","12":"taxable","13":"shipping-taxable","14":"purchasable","15":"product-type-simple"},"_links":{"self":[{"href":"https:\/\/vossgass.no\/en\/wp-json\/wp\/v2\/product\/15431","targetHints":{"allow":["GET"]}}],"collection":[{"href":"https:\/\/vossgass.no\/en\/wp-json\/wp\/v2\/product"}],"about":[{"href":"https:\/\/vossgass.no\/en\/wp-json\/wp\/v2\/types\/product"}],"replies":[{"embeddable":true,"href":"https:\/\/vossgass.no\/en\/wp-json\/wp\/v2\/comments?post=15431"}],"wp:featuredmedia":[{"embeddable":true,"href":"https:\/\/vossgass.no\/en\/wp-json\/wp\/v2\/media\/16871"}],"wp:attachment":[{"href":"https:\/\/vossgass.no\/en\/wp-json\/wp\/v2\/media?parent=15431"}],"wp:term":[{"taxonomy":"product_brand","embeddable":true,"href":"https:\/\/vossgass.no\/en\/wp-json\/wp\/v2\/product_brand?post=15431"},{"taxonomy":"product_cat","embeddable":true,"href":"https:\/\/vossgass.no\/en\/wp-json\/wp\/v2\/product_cat?post=15431"},{"taxonomy":"product_tag","embeddable":true,"href":"https:\/\/vossgass.no\/en\/wp-json\/wp\/v2\/product_tag?post=15431"}],"curies":[{"name":"wp","href":"https:\/\/api.w.org\/{rel}","templated":true}]}}