{"id":15429,"date":"2025-04-15T17:17:12","date_gmt":"2025-04-15T15:17:12","guid":{"rendered":"https:\/\/vossgass.no\/produkt\/magnum-tyskland-127-a100-g-humle\/"},"modified":"2026-03-27T13:58:33","modified_gmt":"2026-03-27T12:58:33","slug":"magnum-tyskland-127-a100-g-humle","status":"publish","type":"product","link":"https:\/\/vossgass.no\/en\/product\/magnum-tyskland-127-a100-g-humle\/","title":{"rendered":"Magnum Tyskland 13,6% A,100 g humle"},"content":{"rendered":"","protected":false},"excerpt":{"rendered":"<p>Magnum blir mest brukt som en bitterhumle i mange forskjellige \u00f8l. Kanskje mest i IPA, men passer ogs\u00e5 i de fleste andre \u00f8l. Humlen har en ganske anonym aroma, og dette er en stor fordel, fordi den da i liten grad ikke overd\u00f8ver \u00f8vrige aroma-rike humletyper. <\/p>\n<p>Aroma\/Smak:<br \/>\nSubtil aroma\/smak av pepper, sitron, eple<\/p>\n<p>Bruksomr\u00e5de:<br \/>\nBitter<\/p>\n<p>Alternativ humle:<br \/>\nColumbus, Perle, Nugget<\/p>\n<p>Anbefalte \u00f8lstiler:<br \/>\nIPA, Ale, Lager<\/p>\n<p>Tips til humlekombinasjoner:<br \/>\nMagnum, Cascade<\/p>\n<p>Opprinnelsesland: Tyskland<br \/>\nAlfasyreinnhold: 12,7%<br \/>\nForpakningsst\u00f8rrelse: 100 gram<\/p>","protected":false},"featured_media":16869,"comment_status":"open","ping_status":"closed","template":"","meta":[],"product_brand":[],"product_cat":[91,150,149],"product_tag":[],"class_list":{"0":"post-15429","1":"product","2":"type-product","3":"status-publish","4":"has-post-thumbnail","6":"product_cat-heimabrygg","7":"product_cat-humle","8":"product_cat-ravarer","10":"first","11":"instock","12":"taxable","13":"shipping-taxable","14":"purchasable","15":"product-type-simple"},"_links":{"self":[{"href":"https:\/\/vossgass.no\/en\/wp-json\/wp\/v2\/product\/15429","targetHints":{"allow":["GET"]}}],"collection":[{"href":"https:\/\/vossgass.no\/en\/wp-json\/wp\/v2\/product"}],"about":[{"href":"https:\/\/vossgass.no\/en\/wp-json\/wp\/v2\/types\/product"}],"replies":[{"embeddable":true,"href":"https:\/\/vossgass.no\/en\/wp-json\/wp\/v2\/comments?post=15429"}],"wp:featuredmedia":[{"embeddable":true,"href":"https:\/\/vossgass.no\/en\/wp-json\/wp\/v2\/media\/16869"}],"wp:attachment":[{"href":"https:\/\/vossgass.no\/en\/wp-json\/wp\/v2\/media?parent=15429"}],"wp:term":[{"taxonomy":"product_brand","embeddable":true,"href":"https:\/\/vossgass.no\/en\/wp-json\/wp\/v2\/product_brand?post=15429"},{"taxonomy":"product_cat","embeddable":true,"href":"https:\/\/vossgass.no\/en\/wp-json\/wp\/v2\/product_cat?post=15429"},{"taxonomy":"product_tag","embeddable":true,"href":"https:\/\/vossgass.no\/en\/wp-json\/wp\/v2\/product_tag?post=15429"}],"curies":[{"name":"wp","href":"https:\/\/api.w.org\/{rel}","templated":true}]}}