{"id":15426,"date":"2025-04-15T17:16:56","date_gmt":"2025-04-15T15:16:56","guid":{"rendered":"https:\/\/vossgass.no\/produkt\/saaz-pellets-tjekkia-29-a-100-gr-humle\/"},"modified":"2026-04-07T14:42:35","modified_gmt":"2026-04-07T12:42:35","slug":"saaz-pellets-tjekkia-29-a-100-gr-humle","status":"publish","type":"product","link":"https:\/\/vossgass.no\/en\/product\/saaz-pellets-tjekkia-29-a-100-gr-humle\/","title":{"rendered":"Saaz Pellets Tjekkia 3,2 % A 100 gr Humle"},"content":{"rendered":"","protected":false},"excerpt":{"rendered":"<p>Saaz er en edelhumle, det vil si at de dyrkes s\u00e5nn de opprinnelig ble funnet. Saaz er mest kjent for \u00e5 v\u00e6re en viktig brikke i den tradisjonelle Tsjekkiske pilsner med sin gjenkjennelige unike smak.<\/p>\n<p>Aroma\/Smak:<br \/>\nMild urtearoma, lett krydret, blomstret.<\/p>\n<p>Bruksomr\u00e5de:<br \/>\nSmak, Aroma<\/p>\n<p>Alternativ humle:<br \/>\nSterling, Lublin<\/p>\n<p>Anbefalte \u00f8lstiler:<br \/>\nPils, lager.<\/p>\n<p>Tips til humlekombinasjoner:<br \/>\nSaaz, Celeia.<br \/>\nSaaz, Magnum.<\/p>\n<p>Opprinnelsesland: Tsjekkia<br \/>\nAlfasyreinnhold: 2,9%<br \/>\nForpakningsst\u00f8rrelse: 100 gram<\/p>","protected":false},"featured_media":16866,"comment_status":"open","ping_status":"closed","template":"","meta":[],"product_brand":[],"product_cat":[91,150,149],"product_tag":[],"class_list":{"0":"post-15426","1":"product","2":"type-product","3":"status-publish","4":"has-post-thumbnail","6":"product_cat-heimabrygg","7":"product_cat-humle","8":"product_cat-ravarer","10":"first","11":"instock","12":"taxable","13":"shipping-taxable","14":"purchasable","15":"product-type-simple"},"_links":{"self":[{"href":"https:\/\/vossgass.no\/en\/wp-json\/wp\/v2\/product\/15426","targetHints":{"allow":["GET"]}}],"collection":[{"href":"https:\/\/vossgass.no\/en\/wp-json\/wp\/v2\/product"}],"about":[{"href":"https:\/\/vossgass.no\/en\/wp-json\/wp\/v2\/types\/product"}],"replies":[{"embeddable":true,"href":"https:\/\/vossgass.no\/en\/wp-json\/wp\/v2\/comments?post=15426"}],"wp:featuredmedia":[{"embeddable":true,"href":"https:\/\/vossgass.no\/en\/wp-json\/wp\/v2\/media\/16866"}],"wp:attachment":[{"href":"https:\/\/vossgass.no\/en\/wp-json\/wp\/v2\/media?parent=15426"}],"wp:term":[{"taxonomy":"product_brand","embeddable":true,"href":"https:\/\/vossgass.no\/en\/wp-json\/wp\/v2\/product_brand?post=15426"},{"taxonomy":"product_cat","embeddable":true,"href":"https:\/\/vossgass.no\/en\/wp-json\/wp\/v2\/product_cat?post=15426"},{"taxonomy":"product_tag","embeddable":true,"href":"https:\/\/vossgass.no\/en\/wp-json\/wp\/v2\/product_tag?post=15426"}],"curies":[{"name":"wp","href":"https:\/\/api.w.org\/{rel}","templated":true}]}}