{"id":15425,"date":"2025-04-15T17:16:50","date_gmt":"2025-04-15T15:16:50","guid":{"rendered":"https:\/\/vossgass.no\/produkt\/saaz-blomst-tjekkia-a-29-100-gr\/"},"modified":"2026-03-25T13:34:21","modified_gmt":"2026-03-25T12:34:21","slug":"saaz-blomst-tjekkia-a-29-100-gr","status":"publish","type":"product","link":"https:\/\/vossgass.no\/en\/product\/saaz-blomst-tjekkia-a-29-100-gr\/","title":{"rendered":"SAAZ Blomst Tjekkia A 3,2 % 100 gr"},"content":{"rendered":"","protected":false},"excerpt":{"rendered":"<p>Saaz er en edelhumle, det vil si at de dyrkes s\u00e5nn de opprinnelig ble funnet. Saaz er mest kjent for \u00e5 v\u00e6re en viktig brikke i den tradisjonelle Tsjekkiske pilsner med sin gjenkjennelige unike smak.<\/p>\n<p>Aroma\/Smak:<br \/>\nMild urtearoma, lett krydret, blomstret.<\/p>\n<p>Bruksomr\u00e5de:<br \/>\nSmak, Aroma<\/p>\n<p>Alternativ humle:<br \/>\nSterling, Lublin<\/p>\n<p>Anbefalte \u00f8lstiler:<br \/>\nPils, lager.<\/p>\n<p>Tips til humlekombinasjoner:<br \/>\nSaaz, Celeia.<br \/>\nSaaz, Magnum.<\/p>\n<p>Opprinnelsesland: Tsjekkia<br \/>\nAlfasyreinnhold: 2,9%<br \/>\nForpakningsst\u00f8rrelse: 100 gram<\/p>","protected":false},"featured_media":16865,"comment_status":"open","ping_status":"closed","template":"","meta":[],"product_brand":[],"product_cat":[91,150,149],"product_tag":[],"class_list":{"0":"post-15425","1":"product","2":"type-product","3":"status-publish","4":"has-post-thumbnail","6":"product_cat-heimabrygg","7":"product_cat-humle","8":"product_cat-ravarer","10":"first","11":"outofstock","12":"taxable","13":"shipping-taxable","14":"purchasable","15":"product-type-simple"},"_links":{"self":[{"href":"https:\/\/vossgass.no\/en\/wp-json\/wp\/v2\/product\/15425","targetHints":{"allow":["GET"]}}],"collection":[{"href":"https:\/\/vossgass.no\/en\/wp-json\/wp\/v2\/product"}],"about":[{"href":"https:\/\/vossgass.no\/en\/wp-json\/wp\/v2\/types\/product"}],"replies":[{"embeddable":true,"href":"https:\/\/vossgass.no\/en\/wp-json\/wp\/v2\/comments?post=15425"}],"wp:featuredmedia":[{"embeddable":true,"href":"https:\/\/vossgass.no\/en\/wp-json\/wp\/v2\/media\/16865"}],"wp:attachment":[{"href":"https:\/\/vossgass.no\/en\/wp-json\/wp\/v2\/media?parent=15425"}],"wp:term":[{"taxonomy":"product_brand","embeddable":true,"href":"https:\/\/vossgass.no\/en\/wp-json\/wp\/v2\/product_brand?post=15425"},{"taxonomy":"product_cat","embeddable":true,"href":"https:\/\/vossgass.no\/en\/wp-json\/wp\/v2\/product_cat?post=15425"},{"taxonomy":"product_tag","embeddable":true,"href":"https:\/\/vossgass.no\/en\/wp-json\/wp\/v2\/product_tag?post=15425"}],"curies":[{"name":"wp","href":"https:\/\/api.w.org\/{rel}","templated":true}]}}