{"id":15424,"date":"2025-04-15T17:16:44","date_gmt":"2025-04-15T15:16:44","guid":{"rendered":"https:\/\/vossgass.no\/produkt\/fuggles-uk-3-7-100-gr-humle\/"},"modified":"2025-12-23T11:01:56","modified_gmt":"2025-12-23T10:01:56","slug":"fuggles-uk-3-7-100-gr-humle","status":"publish","type":"product","link":"https:\/\/vossgass.no\/en\/product\/fuggles-uk-3-7-100-gr-humle\/","title":{"rendered":"Fuggles UK 3-7% 100 gr Humle"},"content":{"rendered":"","protected":false},"excerpt":{"rendered":"<p>Fuggle (UK), med smak og aroma av mint og gress, er mye brukt i tradisjonelle engelske ales, og kombineres ofte med Goldings for \u00e5 oppn\u00e5 mer fylde og en rundere \u00f8l.<\/p>","protected":false},"featured_media":16864,"comment_status":"open","ping_status":"closed","template":"","meta":[],"product_brand":[],"product_cat":[91,150,149],"product_tag":[],"class_list":{"0":"post-15424","1":"product","2":"type-product","3":"status-publish","4":"has-post-thumbnail","6":"product_cat-heimabrygg","7":"product_cat-humle","8":"product_cat-ravarer","10":"first","11":"instock","12":"taxable","13":"shipping-taxable","14":"purchasable","15":"product-type-simple"},"_links":{"self":[{"href":"https:\/\/vossgass.no\/en\/wp-json\/wp\/v2\/product\/15424","targetHints":{"allow":["GET"]}}],"collection":[{"href":"https:\/\/vossgass.no\/en\/wp-json\/wp\/v2\/product"}],"about":[{"href":"https:\/\/vossgass.no\/en\/wp-json\/wp\/v2\/types\/product"}],"replies":[{"embeddable":true,"href":"https:\/\/vossgass.no\/en\/wp-json\/wp\/v2\/comments?post=15424"}],"wp:featuredmedia":[{"embeddable":true,"href":"https:\/\/vossgass.no\/en\/wp-json\/wp\/v2\/media\/16864"}],"wp:attachment":[{"href":"https:\/\/vossgass.no\/en\/wp-json\/wp\/v2\/media?parent=15424"}],"wp:term":[{"taxonomy":"product_brand","embeddable":true,"href":"https:\/\/vossgass.no\/en\/wp-json\/wp\/v2\/product_brand?post=15424"},{"taxonomy":"product_cat","embeddable":true,"href":"https:\/\/vossgass.no\/en\/wp-json\/wp\/v2\/product_cat?post=15424"},{"taxonomy":"product_tag","embeddable":true,"href":"https:\/\/vossgass.no\/en\/wp-json\/wp\/v2\/product_tag?post=15424"}],"curies":[{"name":"wp","href":"https:\/\/api.w.org\/{rel}","templated":true}]}}