{"id":15421,"date":"2025-04-15T17:16:27","date_gmt":"2025-04-15T15:16:27","guid":{"rendered":"https:\/\/vossgass.no\/produkt\/safale-s-04-115g\/"},"modified":"2026-03-30T16:08:32","modified_gmt":"2026-03-30T14:08:32","slug":"safale-s-04-115g","status":"publish","type":"product","link":"https:\/\/vossgass.no\/en\/product\/safale-s-04-115g\/","title":{"rendered":"SafAle S-04 11,5g T\u00f8rrgj\u00e6r"},"content":{"rendered":"","protected":false},"excerpt":{"rendered":"<p>S-04 er en britisk overgj\u00e6rende gj\u00e6rstamme som passer godt i britiske stiler som f.eks porters og stouts. Den er kraftig flokkulerende og vil dermed produsere meget klare \u00f8l. Fermentering ved h\u00f8yere temperaturer vil f\u00f8re til \u00f8kt produksjon av fruktige estere. S-04 er velegnet til fermentering i sylindro-koniske tanker.<\/p>\n<p>Gj\u00e6rstamme: Saccharomyces Cerevisiae<br \/>\nForetrukket gj\u00e6ringstemperatur: 15-24\u00b0C<br \/>\nUtgj\u00e6ring: 73-78%<br \/>\nFlokkulering: H\u00f8y<\/p>","protected":false},"featured_media":18077,"comment_status":"open","ping_status":"closed","template":"","meta":[],"product_brand":[],"product_cat":[180,91,149],"product_tag":[],"class_list":{"0":"post-15421","1":"product","2":"type-product","3":"status-publish","4":"has-post-thumbnail","6":"product_cat-gjaer","7":"product_cat-heimabrygg","8":"product_cat-ravarer","10":"first","11":"instock","12":"taxable","13":"shipping-taxable","14":"purchasable","15":"product-type-simple"},"_links":{"self":[{"href":"https:\/\/vossgass.no\/en\/wp-json\/wp\/v2\/product\/15421","targetHints":{"allow":["GET"]}}],"collection":[{"href":"https:\/\/vossgass.no\/en\/wp-json\/wp\/v2\/product"}],"about":[{"href":"https:\/\/vossgass.no\/en\/wp-json\/wp\/v2\/types\/product"}],"replies":[{"embeddable":true,"href":"https:\/\/vossgass.no\/en\/wp-json\/wp\/v2\/comments?post=15421"}],"wp:featuredmedia":[{"embeddable":true,"href":"https:\/\/vossgass.no\/en\/wp-json\/wp\/v2\/media\/18077"}],"wp:attachment":[{"href":"https:\/\/vossgass.no\/en\/wp-json\/wp\/v2\/media?parent=15421"}],"wp:term":[{"taxonomy":"product_brand","embeddable":true,"href":"https:\/\/vossgass.no\/en\/wp-json\/wp\/v2\/product_brand?post=15421"},{"taxonomy":"product_cat","embeddable":true,"href":"https:\/\/vossgass.no\/en\/wp-json\/wp\/v2\/product_cat?post=15421"},{"taxonomy":"product_tag","embeddable":true,"href":"https:\/\/vossgass.no\/en\/wp-json\/wp\/v2\/product_tag?post=15421"}],"curies":[{"name":"wp","href":"https:\/\/api.w.org\/{rel}","templated":true}]}}