{"id":15420,"date":"2025-04-15T17:16:21","date_gmt":"2025-04-15T15:16:21","guid":{"rendered":"https:\/\/vossgass.no\/produkt\/store-havregryn-umaltet-1-kg-flaked-oat\/"},"modified":"2026-03-05T11:44:28","modified_gmt":"2026-03-05T10:44:28","slug":"store-havregryn-umaltet-1-kg-flaked-oat","status":"publish","type":"product","link":"https:\/\/vossgass.no\/en\/product\/store-havregryn-umaltet-1-kg-flaked-oat\/","title":{"rendered":"Store Havregryn umaltet 1 kg. Flaked Oat"},"content":{"rendered":"","protected":false},"excerpt":{"rendered":"<p>NB! Alt malt blir knust og blanda, dersom det ikkje er spesifisert i kommentarfeltet.<\/p>\n<p>Store Havregryn umaltet fra M\u00f8llerens<\/p>\n<p>Flaket havre, laget av 100% norsk havre, er den perfekte ingrediensen for deg som vil tilsette flaket havre i \u00f8lbryggingen. Dette produktet tilf\u00f8rer \u00f8let en silkemyk munnf\u00f8lelse, en fyldigere kropp og forbedret skumstabilitet, egenskaper som er h\u00f8yt verdsatt i \u00f8lstiler som oatmeal stout og hazy IPA.<\/p>\n<p>Havre har et naturlig h\u00f8yt innhold av beta-glukaner, proteiner og fettstoffer, noe som gir \u00f8let en kremet tekstur og en rund smak. For \u00e5 f\u00e5 maksimal effekt fra havren anbefales det \u00e5 meske den sammen med basismalt, som gir enzymene som trengs for \u00e5 konvertere stivelsen til gj\u00e6rbare sukkerarter. Dette sikrer en smidig bryggeprosess og balanserte smaker.<\/p>\n<p>Type: Flaked Oat<br \/>\nFarge: 1 &#8211; 2 EBC<br \/>\nProdusent: M\u00f8llerens<\/p>\n<p>All malt blir knust og samla i ein pose hvis ikkje anna blir spesifisert av deg<br \/>\n(dette kan du skrive i melding-til-butikken-feltet rett f\u00f8r betalingsdelen)<\/p>\n<p>&#8211; forel\u00f8pig kan du KUN bestille heile kilo her i nettbutikken<\/p>\n<p>Som alternativ, kan du velge \u00e5 sende di eiga oppskrift til post@vossgass.no<br \/>\nd\u00e5 f\u00e5r du akkurat den mengde malt du ynskjer av sortane som er p\u00e5 lager her i nettbutikken.<br \/>\nN\u00e5r alt er klart, kan du vippse oss og me sender, eller du henter og betaler i butikken.<\/p>\n<p>&#8211; humle og andre r\u00e5varer er fast mengde og blir ikkje delt opp, d\u00e5 er alternativet \u00e5 kj\u00f8pe ferdige \u00f8lsett.<\/p>","protected":false},"featured_media":16860,"comment_status":"open","ping_status":"closed","template":"","meta":[],"product_brand":[],"product_cat":[91,633,149],"product_tag":[],"class_list":{"0":"post-15420","1":"product","2":"type-product","3":"status-publish","4":"has-post-thumbnail","6":"product_cat-heimabrygg","7":"product_cat-malt-i-lausvekt","8":"product_cat-ravarer","10":"first","11":"outofstock","12":"taxable","13":"shipping-taxable","14":"purchasable","15":"product-type-simple"},"_links":{"self":[{"href":"https:\/\/vossgass.no\/en\/wp-json\/wp\/v2\/product\/15420","targetHints":{"allow":["GET"]}}],"collection":[{"href":"https:\/\/vossgass.no\/en\/wp-json\/wp\/v2\/product"}],"about":[{"href":"https:\/\/vossgass.no\/en\/wp-json\/wp\/v2\/types\/product"}],"replies":[{"embeddable":true,"href":"https:\/\/vossgass.no\/en\/wp-json\/wp\/v2\/comments?post=15420"}],"wp:featuredmedia":[{"embeddable":true,"href":"https:\/\/vossgass.no\/en\/wp-json\/wp\/v2\/media\/16860"}],"wp:attachment":[{"href":"https:\/\/vossgass.no\/en\/wp-json\/wp\/v2\/media?parent=15420"}],"wp:term":[{"taxonomy":"product_brand","embeddable":true,"href":"https:\/\/vossgass.no\/en\/wp-json\/wp\/v2\/product_brand?post=15420"},{"taxonomy":"product_cat","embeddable":true,"href":"https:\/\/vossgass.no\/en\/wp-json\/wp\/v2\/product_cat?post=15420"},{"taxonomy":"product_tag","embeddable":true,"href":"https:\/\/vossgass.no\/en\/wp-json\/wp\/v2\/product_tag?post=15420"}],"curies":[{"name":"wp","href":"https:\/\/api.w.org\/{rel}","templated":true}]}}