{"id":15418,"date":"2025-04-15T17:16:09","date_gmt":"2025-04-15T15:16:09","guid":{"rendered":"https:\/\/vossgass.no\/produkt\/mais-flak-crisp-05-kg-ebc-15\/"},"modified":"2026-03-05T11:44:16","modified_gmt":"2026-03-05T10:44:16","slug":"mais-flak-crisp-05-kg-ebc-15","status":"publish","type":"product","link":"https:\/\/vossgass.no\/en\/product\/mais-flak-crisp-05-kg-ebc-15\/","title":{"rendered":"Mais Flak Crisp 0,5 kg EBC 1,5 HEIL"},"content":{"rendered":"","protected":false},"excerpt":{"rendered":"<p>NB! Alt malt blir knust og blanda, dersom det ikkje er spesifisert i kommentarfeltet.<\/p>\n<p>Mais er mye brukt i produksjonen av amerikansk pils. I noen av disse Lager-\u00f8lene kan maisen v\u00e6re opptil 50% av maltblandingen. Hvis du lager en lys \u00f8l kan man bruke mais for \u00e5 f\u00e5 en enda lysere \u00f8l, enn hvis man kun benytter bygg i maltblandingen. Flaket mais gir ganske n\u00f8ytral smak i ales, og et lite hint av mais i lysere \u00f8l.<\/p>\n<p>Flaket mais er valset og varmebehandlet, det kan derfor brukes direkte i mesken.<\/p>\n<p>Type: Flaket mais<br \/>\nFarge: 3 &#8211; 4 EBC<br \/>\nProdusent: Castle malting<\/p>\n<p>All malt blir knust og samla i ein pose hvis ikkje anna blir spesifisert av deg<br \/>\n(dette kan du skrive i melding-til-butikken-feltet rett f\u00f8r betalingsdelen)<\/p>\n<p>&#8211; forel\u00f8pig kan du KUN bestille heile kilo her i nettbutikken<\/p>\n<p>Som alternativ, kan du velge \u00e5 sende di eiga oppskrift til post@vossgass.no<br \/>\nd\u00e5 f\u00e5r du akkurat den mengde malt du ynskjer av sortane som er p\u00e5 lager her i nettbutikken.<br \/>\nN\u00e5r alt er klart, kan du vippse oss og me sender, eller du henter og betaler i butikken.<\/p>\n<p>&#8211; humle og andre r\u00e5varer er fast mengde og blir ikkje delt opp, d\u00e5 er alternativet \u00e5 kj\u00f8pe ferdige \u00f8lsett.<\/p>","protected":false},"featured_media":16858,"comment_status":"open","ping_status":"closed","template":"","meta":[],"product_brand":[],"product_cat":[91,169,149],"product_tag":[],"class_list":{"0":"post-15418","1":"product","2":"type-product","3":"status-publish","4":"has-post-thumbnail","6":"product_cat-heimabrygg","7":"product_cat-malt","8":"product_cat-ravarer","10":"first","11":"instock","12":"taxable","13":"shipping-taxable","14":"purchasable","15":"product-type-simple"},"_links":{"self":[{"href":"https:\/\/vossgass.no\/en\/wp-json\/wp\/v2\/product\/15418","targetHints":{"allow":["GET"]}}],"collection":[{"href":"https:\/\/vossgass.no\/en\/wp-json\/wp\/v2\/product"}],"about":[{"href":"https:\/\/vossgass.no\/en\/wp-json\/wp\/v2\/types\/product"}],"replies":[{"embeddable":true,"href":"https:\/\/vossgass.no\/en\/wp-json\/wp\/v2\/comments?post=15418"}],"wp:featuredmedia":[{"embeddable":true,"href":"https:\/\/vossgass.no\/en\/wp-json\/wp\/v2\/media\/16858"}],"wp:attachment":[{"href":"https:\/\/vossgass.no\/en\/wp-json\/wp\/v2\/media?parent=15418"}],"wp:term":[{"taxonomy":"product_brand","embeddable":true,"href":"https:\/\/vossgass.no\/en\/wp-json\/wp\/v2\/product_brand?post=15418"},{"taxonomy":"product_cat","embeddable":true,"href":"https:\/\/vossgass.no\/en\/wp-json\/wp\/v2\/product_cat?post=15418"},{"taxonomy":"product_tag","embeddable":true,"href":"https:\/\/vossgass.no\/en\/wp-json\/wp\/v2\/product_tag?post=15418"}],"curies":[{"name":"wp","href":"https:\/\/api.w.org\/{rel}","templated":true}]}}