{"id":15417,"date":"2025-04-15T17:16:03","date_gmt":"2025-04-15T15:16:03","guid":{"rendered":"https:\/\/vossgass.no\/produkt\/chit-barley-flakes-malt-1-kg\/"},"modified":"2026-01-20T16:35:45","modified_gmt":"2026-01-20T15:35:45","slug":"chit-barley-flakes-malt-1-kg","status":"publish","type":"product","link":"https:\/\/vossgass.no\/en\/product\/chit-barley-flakes-malt-1-kg\/","title":{"rendered":"Chit Barley Flakes malt 1 kg HEIL"},"content":{"rendered":"","protected":false},"excerpt":{"rendered":"<p>NB! Alt malt blir knust og blanda, dersom det ikkje er spesifisert i kommentarfeltet.<\/p>\n<p>Castle Malting CH\u00c2TEAU CHIT BARLEY MALT FLAKES &#8211; Flaket bygg malt<\/p>\n<p>Flaket bygg malt er kortmaltet bygg slik at den ikke inneholder noen enzymer. Den brukes for \u00e5 \u00f8ke skumfastheten.<\/p>\n<p>Farge: 3 &#8211; 7 EBC<\/p>\n<p>Produsent: Castle Malting, Belgia<\/p>\n<p>All malt blir knust og samla i ein pose hvis ikkje anna blir spesifisert av deg<br \/>\n(dette kan du skrive i melding-til-butikken-feltet rett f\u00f8r betalingsdelen)<\/p>\n<p>&#8211; forel\u00f8pig kan du KUN bestille heile kilo her i nettbutikken<\/p>\n<p>Som alternativ, kan du velge \u00e5 sende di eiga oppskrift til post@vossgass.no<br \/>\nd\u00e5 f\u00e5r du akkurat den mengde malt du ynskjer av sortane som er p\u00e5 lager her i nettbutikken.<br \/>\nN\u00e5r alt er klart, kan du vippse oss og me sender, eller du henter og betaler i butikken.<\/p>\n<p>&#8211; humle og andre r\u00e5varer er fast mengde og blir ikkje delt opp, d\u00e5 er alternativet \u00e5 kj\u00f8pe ferdige \u00f8lsett.<\/p>","protected":false},"featured_media":16857,"comment_status":"open","ping_status":"closed","template":"","meta":[],"product_brand":[],"product_cat":[91,633,149],"product_tag":[],"class_list":{"0":"post-15417","1":"product","2":"type-product","3":"status-publish","4":"has-post-thumbnail","6":"product_cat-heimabrygg","7":"product_cat-malt-i-lausvekt","8":"product_cat-ravarer","10":"first","11":"instock","12":"taxable","13":"shipping-taxable","14":"purchasable","15":"product-type-simple"},"_links":{"self":[{"href":"https:\/\/vossgass.no\/en\/wp-json\/wp\/v2\/product\/15417","targetHints":{"allow":["GET"]}}],"collection":[{"href":"https:\/\/vossgass.no\/en\/wp-json\/wp\/v2\/product"}],"about":[{"href":"https:\/\/vossgass.no\/en\/wp-json\/wp\/v2\/types\/product"}],"replies":[{"embeddable":true,"href":"https:\/\/vossgass.no\/en\/wp-json\/wp\/v2\/comments?post=15417"}],"wp:featuredmedia":[{"embeddable":true,"href":"https:\/\/vossgass.no\/en\/wp-json\/wp\/v2\/media\/16857"}],"wp:attachment":[{"href":"https:\/\/vossgass.no\/en\/wp-json\/wp\/v2\/media?parent=15417"}],"wp:term":[{"taxonomy":"product_brand","embeddable":true,"href":"https:\/\/vossgass.no\/en\/wp-json\/wp\/v2\/product_brand?post=15417"},{"taxonomy":"product_cat","embeddable":true,"href":"https:\/\/vossgass.no\/en\/wp-json\/wp\/v2\/product_cat?post=15417"},{"taxonomy":"product_tag","embeddable":true,"href":"https:\/\/vossgass.no\/en\/wp-json\/wp\/v2\/product_tag?post=15417"}],"curies":[{"name":"wp","href":"https:\/\/api.w.org\/{rel}","templated":true}]}}