{"id":15416,"date":"2025-04-15T17:15:58","date_gmt":"2025-04-15T15:15:58","guid":{"rendered":"https:\/\/vossgass.no\/produkt\/chit-wheat-flakes-malt-1-kg-ebc-3-7\/"},"modified":"2026-02-13T10:40:04","modified_gmt":"2026-02-13T09:40:04","slug":"chit-wheat-flakes-malt-1-kg-ebc-3-7","status":"publish","type":"product","link":"https:\/\/vossgass.no\/en\/product\/chit-wheat-flakes-malt-1-kg-ebc-3-7\/","title":{"rendered":"Chit Wheat Flakes malt 1 kg EBC 3-7 HEIL"},"content":{"rendered":"","protected":false},"excerpt":{"rendered":"<p>NB! Alt malt blir knust og blanda, dersom det ikkje er spesifisert i kommentarfeltet.<\/p>\n<p>Castle Malting CH\u00c2TEAU CHIT WHEAT MALT FLAKES &#8211; Hvetemalt<\/p>\n<p>Hvetemalt er, som navnet tilsier, malt som er laget fra hvete istedenfor bygg. Siden s\u00e5 \u00e5 si samtlige produksjons metoder ogs\u00e5 kan brukes p\u00e5 hvete, s\u00e5 er produkter slik som m\u00f8rk hvete malt tilgjengelige for den eventyrlystne brygger. Hvete i maltblandingen har visse fordeler, siden hvete har en h\u00f8y mengde med protein som f\u00f8rer til bedre skumdannelse og bevaring. Hvete blir brukt i en rekke \u00f8ltyper slik som Weizen og Berliner Weiss. Hvete kan v\u00e6re vrient \u00e5 brygge med, siden det \u00f8ker risikoen for &#8216;Stuck mash&#8217;, men hvis man da tilsetter risskall i mesken, vil dette hjelpe med tettheten.<\/p>\n<p>Denne hvetemalten er kortmaltet hvete (Chit whete) slik at den ikke inneholder noen enzymer. Kortmaltet brukes for \u00e5 \u00f8ke skumfastheten, men kan v\u00e6re vrien \u00e5 jobbe med pga. dens h\u00f8ye betaglukan niv\u00e5er.<\/p>\n<p>Farge: 5 EBC<\/p>\n<p>Produsent: Castle Malting, Belgia<\/p>\n<p>All malt blir knust og samla i ein pose hvis ikkje anna blir spesifisert av deg<br \/>\n(dette kan du skrive i melding-til-butikken-feltet rett f\u00f8r betalingsdelen)<\/p>\n<p>&#8211; forel\u00f8pig kan du KUN bestille heile kilo her i nettbutikken<\/p>\n<p>Som alternativ, kan du velge \u00e5 sende di eiga oppskrift til post@vossgass.no<br \/>\nd\u00e5 f\u00e5r du akkurat den mengde malt du ynskjer av sortane som er p\u00e5 lager her i nettbutikken.<br \/>\nN\u00e5r alt er klart, kan du vippse oss og me sender, eller du henter og betaler i butikken.<\/p>\n<p>&#8211; humle og andre r\u00e5varer er fast mengde og blir ikkje delt opp, d\u00e5 er alternativet \u00e5 kj\u00f8pe ferdige \u00f8lsett.<\/p>","protected":false},"featured_media":16856,"comment_status":"open","ping_status":"closed","template":"","meta":[],"product_brand":[],"product_cat":[91,633,149],"product_tag":[],"class_list":{"0":"post-15416","1":"product","2":"type-product","3":"status-publish","4":"has-post-thumbnail","6":"product_cat-heimabrygg","7":"product_cat-malt-i-lausvekt","8":"product_cat-ravarer","10":"first","11":"outofstock","12":"taxable","13":"shipping-taxable","14":"purchasable","15":"product-type-simple"},"_links":{"self":[{"href":"https:\/\/vossgass.no\/en\/wp-json\/wp\/v2\/product\/15416","targetHints":{"allow":["GET"]}}],"collection":[{"href":"https:\/\/vossgass.no\/en\/wp-json\/wp\/v2\/product"}],"about":[{"href":"https:\/\/vossgass.no\/en\/wp-json\/wp\/v2\/types\/product"}],"replies":[{"embeddable":true,"href":"https:\/\/vossgass.no\/en\/wp-json\/wp\/v2\/comments?post=15416"}],"wp:featuredmedia":[{"embeddable":true,"href":"https:\/\/vossgass.no\/en\/wp-json\/wp\/v2\/media\/16856"}],"wp:attachment":[{"href":"https:\/\/vossgass.no\/en\/wp-json\/wp\/v2\/media?parent=15416"}],"wp:term":[{"taxonomy":"product_brand","embeddable":true,"href":"https:\/\/vossgass.no\/en\/wp-json\/wp\/v2\/product_brand?post=15416"},{"taxonomy":"product_cat","embeddable":true,"href":"https:\/\/vossgass.no\/en\/wp-json\/wp\/v2\/product_cat?post=15416"},{"taxonomy":"product_tag","embeddable":true,"href":"https:\/\/vossgass.no\/en\/wp-json\/wp\/v2\/product_tag?post=15416"}],"curies":[{"name":"wp","href":"https:\/\/api.w.org\/{rel}","templated":true}]}}