{"id":15408,"date":"2025-04-15T17:15:11","date_gmt":"2025-04-15T15:15:11","guid":{"rendered":"https:\/\/vossgass.no\/produkt\/chocolat-malt-1-kg-ebc-900\/"},"modified":"2026-03-27T09:47:04","modified_gmt":"2026-03-27T08:47:04","slug":"chocolat-malt-1-kg-ebc-900","status":"publish","type":"product","link":"https:\/\/vossgass.no\/en\/product\/chocolat-malt-1-kg-ebc-900\/","title":{"rendered":"Chocolat malt 1 kg EBC 900 HEIL"},"content":{"rendered":"","protected":false},"excerpt":{"rendered":"<p>NB! Alt malt blir knust og blanda, dersom det ikkje er spesifisert i kommentarfeltet.<\/p>\n<p>Den lett brente smaken den har passer bra med sammen med kaffe og sjokolade. Sjokolademalt bidrar til den m\u00f8rke fargen i \u00f8let.<\/p>\n<p>Sjokolademalt er ristet i en trommel for \u00e5 gi den m\u00f8rke fargen til \u00f8let. Den lett brente smaken den har passer bra med sammen med kaffe og sjokolade. Dette er smaken som kommer fram av \u00abMaillardreaksjonen\u00bb. Maillardreaksjonen er en kjemisk reaksjon som skjer mellom karbohydrater og aminosyrer, som gir en brun farge og et mangfold av smak- og luktnyanser. Malten er ikke s\u00e5 m\u00f8rk som svartmalt, har en veldig god fargedybde med bare en anelse skallbitterhet.<\/p>\n<p>Vi anbefaler ikke \u00e5 bruke mer en 10% sjokolademalt i brygget.<\/p>\n<p>All malt blir knust og samla i ein pose hvis ikkje anna blir spesifisert av deg<br \/>\n(dette kan du skrive i melding-til-butikken-feltet rett f\u00f8r betalingsdelen)<\/p>\n<p>&#8211; forel\u00f8pig kan du KUN bestille heile kilo her i nettbutikken<\/p>\n<p>Som alternativ, kan du velge \u00e5 sende di eiga oppskrift til post@vossgass.no<br \/>\nd\u00e5 f\u00e5r du akkurat den mengde malt du ynskjer av sortane som er p\u00e5 lager her i nettbutikken.<br \/>\nN\u00e5r alt er klart, kan du vippse oss og me sender, eller du henter og betaler i butikken.<\/p>\n<p>&#8211; humle og andre r\u00e5varer er fast mengde og blir ikkje delt opp, d\u00e5 er alternativet \u00e5 kj\u00f8pe ferdige \u00f8lsett.<\/p>","protected":false},"featured_media":16848,"comment_status":"open","ping_status":"closed","template":"","meta":[],"product_brand":[],"product_cat":[91,633,149],"product_tag":[],"class_list":{"0":"post-15408","1":"product","2":"type-product","3":"status-publish","4":"has-post-thumbnail","6":"product_cat-heimabrygg","7":"product_cat-malt-i-lausvekt","8":"product_cat-ravarer","10":"first","11":"instock","12":"taxable","13":"shipping-taxable","14":"purchasable","15":"product-type-simple"},"_links":{"self":[{"href":"https:\/\/vossgass.no\/en\/wp-json\/wp\/v2\/product\/15408","targetHints":{"allow":["GET"]}}],"collection":[{"href":"https:\/\/vossgass.no\/en\/wp-json\/wp\/v2\/product"}],"about":[{"href":"https:\/\/vossgass.no\/en\/wp-json\/wp\/v2\/types\/product"}],"replies":[{"embeddable":true,"href":"https:\/\/vossgass.no\/en\/wp-json\/wp\/v2\/comments?post=15408"}],"wp:featuredmedia":[{"embeddable":true,"href":"https:\/\/vossgass.no\/en\/wp-json\/wp\/v2\/media\/16848"}],"wp:attachment":[{"href":"https:\/\/vossgass.no\/en\/wp-json\/wp\/v2\/media?parent=15408"}],"wp:term":[{"taxonomy":"product_brand","embeddable":true,"href":"https:\/\/vossgass.no\/en\/wp-json\/wp\/v2\/product_brand?post=15408"},{"taxonomy":"product_cat","embeddable":true,"href":"https:\/\/vossgass.no\/en\/wp-json\/wp\/v2\/product_cat?post=15408"},{"taxonomy":"product_tag","embeddable":true,"href":"https:\/\/vossgass.no\/en\/wp-json\/wp\/v2\/product_tag?post=15408"}],"curies":[{"name":"wp","href":"https:\/\/api.w.org\/{rel}","templated":true}]}}