{"id":15400,"date":"2025-04-15T17:14:26","date_gmt":"2025-04-15T15:14:26","guid":{"rendered":"https:\/\/vossgass.no\/produkt\/biscuit-malt-1-kg-ebc-50\/"},"modified":"2026-01-29T16:32:46","modified_gmt":"2026-01-29T15:32:46","slug":"biscuit-malt-1-kg-ebc-50","status":"publish","type":"product","link":"https:\/\/vossgass.no\/en\/product\/biscuit-malt-1-kg-ebc-50\/","title":{"rendered":"Biscuit malt 1 kg EBC 50 HEIL"},"content":{"rendered":"","protected":false},"excerpt":{"rendered":"<p>NB! Alt malt blir knust og blanda, dersom det ikkje er spesifisert i kommentarfeltet.<\/p>\n<p>Unik og helt spesiell belgisk malt. Lett i ovn, deretter lett torrefisert ved opptil 160\u00b0C.<\/p>\n<p>Ch\u00e2teau Biscuit\u00ae malt gir en veldig uttalt &laquo;toasty&raquo; finish i \u00f8let. Gir et varmt br\u00f8d og<br \/>\nkjeksaktig aroma og smak. Fremmer en lys til middels varm brunfarge p\u00e5 mosen. Denne malten brukes<br \/>\nfor \u00e5 forbedre den stekte smaken og aromaen som kjennetegner \u00f8l og pils som gir de subtile egenskapene til<br \/>\nsvart- og sjokolademalt. Ingen enzymer. M\u00e5 moses med malt som har et overskudd av diastatisk kraft.<\/p>\n<p>Alle spesial\u00f8l og ogs\u00e5 for engelsk \u00f8l, brown ale og porters. Opptil 25 % av blandingen.<\/p>\n<p>All malt blir knust og samla i ein pose hvis ikkje anna blir spesifisert av deg<br \/>\n(dette kan du skrive i melding-til-butikken-feltet rett f\u00f8r betalingsdelen)<\/p>\n<p>&#8211; forel\u00f8pig kan du KUN bestille heile kilo her i nettbutikken<\/p>\n<p>Som alternativ, kan du velge \u00e5 sende di eiga oppskrift til post@vossgass.no<br \/>\nd\u00e5 f\u00e5r du akkurat den mengde malt du ynskjer av sortane som er p\u00e5 lager her i nettbutikken.<br \/>\nN\u00e5r alt er klart, kan du vippse oss og me sender, eller du henter og betaler i butikken.<\/p>\n<p>&#8211; humle og andre r\u00e5varer er fast mengde og blir ikkje delt opp, d\u00e5 er alternativet \u00e5 kj\u00f8pe ferdige \u00f8lsett.<\/p>","protected":false},"featured_media":16840,"comment_status":"open","ping_status":"closed","template":"","meta":[],"product_brand":[],"product_cat":[91,633,149],"product_tag":[],"class_list":{"0":"post-15400","1":"product","2":"type-product","3":"status-publish","4":"has-post-thumbnail","6":"product_cat-heimabrygg","7":"product_cat-malt-i-lausvekt","8":"product_cat-ravarer","10":"first","11":"instock","12":"taxable","13":"shipping-taxable","14":"purchasable","15":"product-type-simple"},"_links":{"self":[{"href":"https:\/\/vossgass.no\/en\/wp-json\/wp\/v2\/product\/15400","targetHints":{"allow":["GET"]}}],"collection":[{"href":"https:\/\/vossgass.no\/en\/wp-json\/wp\/v2\/product"}],"about":[{"href":"https:\/\/vossgass.no\/en\/wp-json\/wp\/v2\/types\/product"}],"replies":[{"embeddable":true,"href":"https:\/\/vossgass.no\/en\/wp-json\/wp\/v2\/comments?post=15400"}],"wp:featuredmedia":[{"embeddable":true,"href":"https:\/\/vossgass.no\/en\/wp-json\/wp\/v2\/media\/16840"}],"wp:attachment":[{"href":"https:\/\/vossgass.no\/en\/wp-json\/wp\/v2\/media?parent=15400"}],"wp:term":[{"taxonomy":"product_brand","embeddable":true,"href":"https:\/\/vossgass.no\/en\/wp-json\/wp\/v2\/product_brand?post=15400"},{"taxonomy":"product_cat","embeddable":true,"href":"https:\/\/vossgass.no\/en\/wp-json\/wp\/v2\/product_cat?post=15400"},{"taxonomy":"product_tag","embeddable":true,"href":"https:\/\/vossgass.no\/en\/wp-json\/wp\/v2\/product_tag?post=15400"}],"curies":[{"name":"wp","href":"https:\/\/api.w.org\/{rel}","templated":true}]}}