{"id":15399,"date":"2025-04-15T17:14:21","date_gmt":"2025-04-15T15:14:21","guid":{"rendered":"https:\/\/vossgass.no\/produkt\/abbey-malt-1-kg-ebc-45\/"},"modified":"2026-01-29T16:32:17","modified_gmt":"2026-01-29T15:32:17","slug":"abbey-malt-1-kg-ebc-45","status":"publish","type":"product","link":"https:\/\/vossgass.no\/en\/product\/abbey-malt-1-kg-ebc-45\/","title":{"rendered":"Abbey malt 1 kg EBC 45 HEIL"},"content":{"rendered":"","protected":false},"excerpt":{"rendered":"<p>NB! Alt malt blir knust og blanda, dersom det ikkje er spesifisert i kommentarfeltet.<\/p>\n<p>Belgisk brun malt. Spesielt spiret og ovnsovn ved opptil 110\u00b0C.<\/p>\n<p>Karateristikk<\/p>\n<p>Ch\u00e2teau Abbey\u00ae malt er en mer ristet form for blek malt. Gir sterk smak av kokt br\u00f8d, n\u00f8tter og frukt. Ch\u00e2teau Abbey\u00ae malt har en bitter smak som mykner ved aldring, og kan v\u00e6re ganske intenst smaksatt. Ch\u00e2teau Abbey\u00ae-malt brukes vanligvis som en liten del av kornet i produksjonen av \u00f8l som krever en viss fargedybde.<\/p>\n<p>Bruk<\/p>\n<p>Pale ale-\u00f8l, Abbey-\u00f8l, brun porter og spesial\u00f8l, i et mangfoldig utvalg av britiske \u00f8l. Opptil 10 % av blandingen.<\/p>\n<p>All malt blir knust og samla i ein pose hvis ikkje anna blir spesifisert av deg<br \/>\n(dette kan du skrive i melding-til-butikken-feltet rett f\u00f8r betalingsdelen)<\/p>\n<p>&#8211; forel\u00f8pig kan du KUN bestille heile kilo her i nettbutikken<\/p>\n<p>Som alternativ, kan du velge \u00e5 sende di eiga oppskrift til post@vossgass.no<br \/>\nd\u00e5 f\u00e5r du akkurat den mengde malt du ynskjer av sortane som er p\u00e5 lager her i nettbutikken.<br \/>\nN\u00e5r alt er klart, kan du vippse oss og me sender, eller du henter og betaler i butikken.<\/p>\n<p>&#8211; humle og andre r\u00e5varer er fast mengde og blir ikkje delt opp, d\u00e5 er alternativet \u00e5 kj\u00f8pe ferdige \u00f8lsett.<\/p>","protected":false},"featured_media":16839,"comment_status":"open","ping_status":"closed","template":"","meta":[],"product_brand":[],"product_cat":[91,633,149],"product_tag":[],"class_list":{"0":"post-15399","1":"product","2":"type-product","3":"status-publish","4":"has-post-thumbnail","6":"product_cat-heimabrygg","7":"product_cat-malt-i-lausvekt","8":"product_cat-ravarer","10":"first","11":"instock","12":"taxable","13":"shipping-taxable","14":"purchasable","15":"product-type-simple"},"_links":{"self":[{"href":"https:\/\/vossgass.no\/en\/wp-json\/wp\/v2\/product\/15399","targetHints":{"allow":["GET"]}}],"collection":[{"href":"https:\/\/vossgass.no\/en\/wp-json\/wp\/v2\/product"}],"about":[{"href":"https:\/\/vossgass.no\/en\/wp-json\/wp\/v2\/types\/product"}],"replies":[{"embeddable":true,"href":"https:\/\/vossgass.no\/en\/wp-json\/wp\/v2\/comments?post=15399"}],"wp:featuredmedia":[{"embeddable":true,"href":"https:\/\/vossgass.no\/en\/wp-json\/wp\/v2\/media\/16839"}],"wp:attachment":[{"href":"https:\/\/vossgass.no\/en\/wp-json\/wp\/v2\/media?parent=15399"}],"wp:term":[{"taxonomy":"product_brand","embeddable":true,"href":"https:\/\/vossgass.no\/en\/wp-json\/wp\/v2\/product_brand?post=15399"},{"taxonomy":"product_cat","embeddable":true,"href":"https:\/\/vossgass.no\/en\/wp-json\/wp\/v2\/product_cat?post=15399"},{"taxonomy":"product_tag","embeddable":true,"href":"https:\/\/vossgass.no\/en\/wp-json\/wp\/v2\/product_tag?post=15399"}],"curies":[{"name":"wp","href":"https:\/\/api.w.org\/{rel}","templated":true}]}}