{"id":15396,"date":"2025-04-15T17:14:04","date_gmt":"2025-04-15T15:14:04","guid":{"rendered":"https:\/\/vossgass.no\/produkt\/wheat-blanc-malt-1-kg-ebc-5\/"},"modified":"2026-03-30T12:23:06","modified_gmt":"2026-03-30T10:23:06","slug":"wheat-blanc-malt-1-kg-ebc-5","status":"publish","type":"product","link":"https:\/\/vossgass.no\/en\/product\/wheat-blanc-malt-1-kg-ebc-5\/","title":{"rendered":"Wheat Blanc malt 1 kg EBC 5 HEIL"},"content":{"rendered":"","protected":false},"excerpt":{"rendered":"<p>NB! Alt malt blir knust og blanda, dersom det ikkje er spesifisert i kommentarfeltet.<\/p>\n<p>Hvetemalt. Brennt ved opptil 80-85\u00b0C.<\/p>\n<p>Forsterker den s\u00e6regne smaken til hvete\u00f8l. Ch\u00e2teau Wheat Blanc-malt er viktig for \u00e5 lage hvete\u00f8l, men brukes ogs\u00e5 i byggmaltbaserte \u00f8l (3\u20135 %) takket v\u00e6re proteinniv\u00e5et som gir \u00f8let en fyldigere munnf\u00f8lelse og forbedret hodestabilitet. Hvete har ingen ytre skall og har derfor f\u00e6rre tanniner enn bygg. Hvetemalt er mye mer klissete enn byggmalt p\u00e5 grunn av det h\u00f8yere proteininnholdet og kan for\u00e5rsake lautering problemer hvis det ikke gis en &laquo;Protein Rest&raquo; under mesken.<\/p>\n<p>Hvete\u00f8l, hvite, lette \u00f8l, \u00f8l med lav eller ingen alkohol. Anbefalt maks. andel: opptil 35 % av blandingen<\/p>\n<p>All malt blir knust og samla i ein pose hvis ikkje anna blir spesifisert av deg<br \/>\n(dette kan du skrive i melding-til-butikken-feltet rett f\u00f8r betalingsdelen)<\/p>\n<p>&#8211; forel\u00f8pig kan du KUN bestille heile kilo her i nettbutikken<\/p>\n<p>Som alternativ, kan du velge \u00e5 sende di eiga oppskrift til post@vossgass.no<br \/>\nd\u00e5 f\u00e5r du akkurat den mengde malt du ynskjer av sortane som er p\u00e5 lager her i nettbutikken.<br \/>\nN\u00e5r alt er klart, kan du vippse oss og me sender, eller du henter og betaler i butikken.<\/p>\n<p>&#8211; humle og andre r\u00e5varer er fast mengde og blir ikkje delt opp, d\u00e5 er alternativet \u00e5 kj\u00f8pe ferdige \u00f8lsett.<\/p>","protected":false},"featured_media":16836,"comment_status":"open","ping_status":"closed","template":"","meta":[],"product_brand":[],"product_cat":[91,633,149],"product_tag":[],"class_list":{"0":"post-15396","1":"product","2":"type-product","3":"status-publish","4":"has-post-thumbnail","6":"product_cat-heimabrygg","7":"product_cat-malt-i-lausvekt","8":"product_cat-ravarer","10":"first","11":"instock","12":"taxable","13":"shipping-taxable","14":"purchasable","15":"product-type-simple"},"_links":{"self":[{"href":"https:\/\/vossgass.no\/en\/wp-json\/wp\/v2\/product\/15396","targetHints":{"allow":["GET"]}}],"collection":[{"href":"https:\/\/vossgass.no\/en\/wp-json\/wp\/v2\/product"}],"about":[{"href":"https:\/\/vossgass.no\/en\/wp-json\/wp\/v2\/types\/product"}],"replies":[{"embeddable":true,"href":"https:\/\/vossgass.no\/en\/wp-json\/wp\/v2\/comments?post=15396"}],"wp:featuredmedia":[{"embeddable":true,"href":"https:\/\/vossgass.no\/en\/wp-json\/wp\/v2\/media\/16836"}],"wp:attachment":[{"href":"https:\/\/vossgass.no\/en\/wp-json\/wp\/v2\/media?parent=15396"}],"wp:term":[{"taxonomy":"product_brand","embeddable":true,"href":"https:\/\/vossgass.no\/en\/wp-json\/wp\/v2\/product_brand?post=15396"},{"taxonomy":"product_cat","embeddable":true,"href":"https:\/\/vossgass.no\/en\/wp-json\/wp\/v2\/product_cat?post=15396"},{"taxonomy":"product_tag","embeddable":true,"href":"https:\/\/vossgass.no\/en\/wp-json\/wp\/v2\/product_tag?post=15396"}],"curies":[{"name":"wp","href":"https:\/\/api.w.org\/{rel}","templated":true}]}}