{"id":15394,"date":"2025-04-15T17:13:51","date_gmt":"2025-04-15T15:13:51","guid":{"rendered":"https:\/\/vossgass.no\/produkt\/maris-otter-1kg-ebc-55\/"},"modified":"2026-02-13T10:39:45","modified_gmt":"2026-02-13T09:39:45","slug":"maris-otter-1kg-ebc-55","status":"publish","type":"product","link":"https:\/\/vossgass.no\/en\/product\/maris-otter-1kg-ebc-55\/","title":{"rendered":"Maris Otter 1kg EBC 5,5 HEIL"},"content":{"rendered":"","protected":false},"excerpt":{"rendered":"<p>NB! Alt malt blir knust og blanda, dersom det ikkje er spesifisert i kommentarfeltet.<\/p>\n<p>Thomas Fawcett MARIS OTTER<\/p>\n<p>Denne britiske sorten ble popul\u00e6r blant engelske bryggere p\u00e5 midten av 1960-tallet. Den gav form og karakter til mange engelske \u00f8lstiler.<br \/>\nI dag brukes Maris Otter som basemalt over hele verden.<br \/>\nMaris Otter gir en rik og robust maltkarakter til \u00f8let, med en flott og lett gylden farge. Brukt som basemalt,<br \/>\nvil Best Maris Otter bidra til \u00e5 produsere et \u00f8l som er klart og med lav skumdannelse, p\u00e5 grunn av dets lave niv\u00e5 av proteiner.<\/p>\n<p>Produsent: Thomas Fawcett<br \/>\n\u00d8lstiler: Ale, Engelske Ale, Engelsk bitter med mer<br \/>\nAnvendelse: Opptil 100% av maltbase<\/p>\n<p>All malt blir knust og samla i ein pose hvis ikkje anna blir spesifisert av deg<br \/>\n(dette kan du skrive i melding-til-butikken-feltet rett f\u00f8r betalingsdelen)<\/p>\n<p>&#8211; forel\u00f8pig kan du KUN bestille heile kilo her i nettbutikken<\/p>\n<p>Som alternativ, kan du velge \u00e5 sende di eiga oppskrift til post@vossgass.no<br \/>\nd\u00e5 f\u00e5r du akkurat den mengde malt du ynskjer av sortane som er p\u00e5 lager her i nettbutikken.<br \/>\nN\u00e5r alt er klart, kan du vippse oss og me sender, eller du henter og betaler i butikken.<\/p>\n<p>&#8211; humle og andre r\u00e5varer er fast mengde og blir ikkje delt opp, d\u00e5 er alternativet \u00e5 kj\u00f8pe ferdige \u00f8lsett.<\/p>","protected":false},"featured_media":16834,"comment_status":"open","ping_status":"closed","template":"","meta":[],"product_brand":[],"product_cat":[91,633,149],"product_tag":[],"class_list":{"0":"post-15394","1":"product","2":"type-product","3":"status-publish","4":"has-post-thumbnail","6":"product_cat-heimabrygg","7":"product_cat-malt-i-lausvekt","8":"product_cat-ravarer","10":"first","11":"instock","12":"taxable","13":"shipping-taxable","14":"purchasable","15":"product-type-simple"},"_links":{"self":[{"href":"https:\/\/vossgass.no\/en\/wp-json\/wp\/v2\/product\/15394","targetHints":{"allow":["GET"]}}],"collection":[{"href":"https:\/\/vossgass.no\/en\/wp-json\/wp\/v2\/product"}],"about":[{"href":"https:\/\/vossgass.no\/en\/wp-json\/wp\/v2\/types\/product"}],"replies":[{"embeddable":true,"href":"https:\/\/vossgass.no\/en\/wp-json\/wp\/v2\/comments?post=15394"}],"wp:featuredmedia":[{"embeddable":true,"href":"https:\/\/vossgass.no\/en\/wp-json\/wp\/v2\/media\/16834"}],"wp:attachment":[{"href":"https:\/\/vossgass.no\/en\/wp-json\/wp\/v2\/media?parent=15394"}],"wp:term":[{"taxonomy":"product_brand","embeddable":true,"href":"https:\/\/vossgass.no\/en\/wp-json\/wp\/v2\/product_brand?post=15394"},{"taxonomy":"product_cat","embeddable":true,"href":"https:\/\/vossgass.no\/en\/wp-json\/wp\/v2\/product_cat?post=15394"},{"taxonomy":"product_tag","embeddable":true,"href":"https:\/\/vossgass.no\/en\/wp-json\/wp\/v2\/product_tag?post=15394"}],"curies":[{"name":"wp","href":"https:\/\/api.w.org\/{rel}","templated":true}]}}