{"id":15393,"date":"2025-04-15T17:13:45","date_gmt":"2025-04-15T15:13:45","guid":{"rendered":"https:\/\/vossgass.no\/produkt\/pale-ale-malt-1-kg-7-9-ebc\/"},"modified":"2026-03-14T13:42:11","modified_gmt":"2026-03-14T12:42:11","slug":"pale-ale-malt-1-kg-7-9-ebc","status":"publish","type":"product","link":"https:\/\/vossgass.no\/en\/product\/pale-ale-malt-1-kg-7-9-ebc\/","title":{"rendered":"Pale Ale malt 1 Kg 7-9 EBC HEIL"},"content":{"rendered":"","protected":false},"excerpt":{"rendered":"<p>NB! Alt malt blir knust og blanda, dersom det ikkje er spesifisert i kommentarfeltet.<\/p>\n<p>Belgisk lys basemalt. <\/p>\n<p>Malten er vanligvis brukt som en ren basemalt eller i kombinasjon med Pilsen malt til \u00e5 fremheve en rikere maltsmak og ekstra farge. Da malten har en dypere farge kan malten bidra til \u00e5 mer gylden \u00f8l. Pale malten til Castle malting er ofte brukt i kombinasjon med kraftig gj\u00e6r til \u00e5 produsere amber og bitter.  Malten brennes lenger og er vanligvis bedre modned slik at den produserer en mer fremhevet smak enn det vanlig pilsen\/pilsner malt gj\u00f8r. <\/p>\n<p>Bruksomr\u00e5der<\/p>\n<p>Pale ale typer og bitter, eller mer tradisjonsrike Engelske \u00f8l typer. Anbefalt opp til 80%<\/p>\n<p>All malt blir knust og samla i ein pose hvis ikkje anna blir spesifisert av deg<br \/>\n(dette kan du skrive i melding-til-butikken-feltet rett f\u00f8r betalingsdelen)<\/p>\n<p>&#8211; forel\u00f8pig kan du KUN bestille heile kilo her i nettbutikken<\/p>\n<p>Som alternativ, kan du velge \u00e5 sende di eiga oppskrift til post@vossgass.no<br \/>\nd\u00e5 f\u00e5r du akkurat den mengde malt du ynskjer av sortane som er p\u00e5 lager her i nettbutikken.<br \/>\nN\u00e5r alt er klart, kan du vippse oss og me sender, eller du henter og betaler i butikken.<\/p>\n<p>&#8211; humle og andre r\u00e5varer er fast mengde og blir ikkje delt opp, d\u00e5 er alternativet \u00e5 kj\u00f8pe ferdige \u00f8lsett.<\/p>","protected":false},"featured_media":16833,"comment_status":"open","ping_status":"closed","template":"","meta":[],"product_brand":[],"product_cat":[91,633,149],"product_tag":[],"class_list":{"0":"post-15393","1":"product","2":"type-product","3":"status-publish","4":"has-post-thumbnail","6":"product_cat-heimabrygg","7":"product_cat-malt-i-lausvekt","8":"product_cat-ravarer","10":"first","11":"instock","12":"taxable","13":"shipping-taxable","14":"purchasable","15":"product-type-simple"},"_links":{"self":[{"href":"https:\/\/vossgass.no\/en\/wp-json\/wp\/v2\/product\/15393","targetHints":{"allow":["GET"]}}],"collection":[{"href":"https:\/\/vossgass.no\/en\/wp-json\/wp\/v2\/product"}],"about":[{"href":"https:\/\/vossgass.no\/en\/wp-json\/wp\/v2\/types\/product"}],"replies":[{"embeddable":true,"href":"https:\/\/vossgass.no\/en\/wp-json\/wp\/v2\/comments?post=15393"}],"wp:featuredmedia":[{"embeddable":true,"href":"https:\/\/vossgass.no\/en\/wp-json\/wp\/v2\/media\/16833"}],"wp:attachment":[{"href":"https:\/\/vossgass.no\/en\/wp-json\/wp\/v2\/media?parent=15393"}],"wp:term":[{"taxonomy":"product_brand","embeddable":true,"href":"https:\/\/vossgass.no\/en\/wp-json\/wp\/v2\/product_brand?post=15393"},{"taxonomy":"product_cat","embeddable":true,"href":"https:\/\/vossgass.no\/en\/wp-json\/wp\/v2\/product_cat?post=15393"},{"taxonomy":"product_tag","embeddable":true,"href":"https:\/\/vossgass.no\/en\/wp-json\/wp\/v2\/product_tag?post=15393"}],"curies":[{"name":"wp","href":"https:\/\/api.w.org\/{rel}","templated":true}]}}