{"id":15388,"date":"2025-04-15T17:13:15","date_gmt":"2025-04-15T15:13:15","guid":{"rendered":"https:\/\/vossgass.no\/produkt\/hersbrucker-hallertau-tyskland-25-100-gr-humle\/"},"modified":"2026-03-30T12:24:11","modified_gmt":"2026-03-30T10:24:11","slug":"hersbrucker-hallertau-tyskland-25-100-gr-humle","status":"publish","type":"product","link":"https:\/\/vossgass.no\/en\/product\/hersbrucker-hallertau-tyskland-25-100-gr-humle\/","title":{"rendered":"Hersbrucker Hallertau Tyskland 2,5% 100 gr Humle"},"content":{"rendered":"","protected":false},"excerpt":{"rendered":"<p>Hersbrucker kan ogs\u00e5 g\u00e5 under navnet Hallertau Hersbrucker, fordi denne blir dyrket b\u00e5de i Hersbrucker og Hallertau regionen i Tyskland.<\/p>\n<p>Aroma\/Smak:<br \/>\nKrydder, fruktighet, blomstret preg.<\/p>\n<p>Bruksomr\u00e5de:<br \/>\nSmak, Aroma<\/p>\n<p>Alternativ humle:<br \/>\nHallertauer Tradition, Mount Hood, Strisselspalter.<\/p>\n<p>Anbefalte \u00f8lstiler:<br \/>\nPils, weizenbock, marzen, lager, golden ale, pale ale, hvete\u00f8l, hefeweizen.<\/p>\n<p>Tips til humlekombinasjoner:<br \/>\nHersbrucker, Perle.<br \/>\nHersbrucker, Perle, Saaz.<\/p>\n<p>Opprinnelsesland: Tyskland<br \/>\nAlfasyreinnhold: 2,5%<br \/>\nForpakningsst\u00f8rrelse: 100 gram<\/p>","protected":false},"featured_media":16828,"comment_status":"open","ping_status":"closed","template":"","meta":[],"product_brand":[],"product_cat":[91,150,149],"product_tag":[],"class_list":{"0":"post-15388","1":"product","2":"type-product","3":"status-publish","4":"has-post-thumbnail","6":"product_cat-heimabrygg","7":"product_cat-humle","8":"product_cat-ravarer","10":"first","11":"instock","12":"taxable","13":"shipping-taxable","14":"purchasable","15":"product-type-simple"},"_links":{"self":[{"href":"https:\/\/vossgass.no\/en\/wp-json\/wp\/v2\/product\/15388","targetHints":{"allow":["GET"]}}],"collection":[{"href":"https:\/\/vossgass.no\/en\/wp-json\/wp\/v2\/product"}],"about":[{"href":"https:\/\/vossgass.no\/en\/wp-json\/wp\/v2\/types\/product"}],"replies":[{"embeddable":true,"href":"https:\/\/vossgass.no\/en\/wp-json\/wp\/v2\/comments?post=15388"}],"wp:featuredmedia":[{"embeddable":true,"href":"https:\/\/vossgass.no\/en\/wp-json\/wp\/v2\/media\/16828"}],"wp:attachment":[{"href":"https:\/\/vossgass.no\/en\/wp-json\/wp\/v2\/media?parent=15388"}],"wp:term":[{"taxonomy":"product_brand","embeddable":true,"href":"https:\/\/vossgass.no\/en\/wp-json\/wp\/v2\/product_brand?post=15388"},{"taxonomy":"product_cat","embeddable":true,"href":"https:\/\/vossgass.no\/en\/wp-json\/wp\/v2\/product_cat?post=15388"},{"taxonomy":"product_tag","embeddable":true,"href":"https:\/\/vossgass.no\/en\/wp-json\/wp\/v2\/product_tag?post=15388"}],"curies":[{"name":"wp","href":"https:\/\/api.w.org\/{rel}","templated":true}]}}