{"id":15387,"date":"2025-04-15T17:13:09","date_gmt":"2025-04-15T15:13:09","guid":{"rendered":"https:\/\/vossgass.no\/produkt\/challenger-2016-uk-74-100-gr-humle\/"},"modified":"2025-12-13T13:18:54","modified_gmt":"2025-12-13T12:18:54","slug":"challenger-2016-uk-74-100-gr-humle","status":"publish","type":"product","link":"https:\/\/vossgass.no\/en\/product\/challenger-2016-uk-74-100-gr-humle\/","title":{"rendered":"Challenger 2016 UK 7,4% 100 gr humle"},"content":{"rendered":"","protected":false},"excerpt":{"rendered":"<p>Challenger er en engelsk humle som kan brukes for b\u00e5de bitterhet og aroma, med en floral og krydret karakter og hint av sitrus. En meget popul\u00e6r humle i engelske \u00f8lstiler som ESB, porter, stout og brown ales.<\/p>","protected":false},"featured_media":16827,"comment_status":"open","ping_status":"closed","template":"","meta":[],"product_brand":[],"product_cat":[91,150,149],"product_tag":[],"class_list":{"0":"post-15387","1":"product","2":"type-product","3":"status-publish","4":"has-post-thumbnail","6":"product_cat-heimabrygg","7":"product_cat-humle","8":"product_cat-ravarer","10":"first","11":"outofstock","12":"taxable","13":"shipping-taxable","14":"purchasable","15":"product-type-simple"},"_links":{"self":[{"href":"https:\/\/vossgass.no\/en\/wp-json\/wp\/v2\/product\/15387","targetHints":{"allow":["GET"]}}],"collection":[{"href":"https:\/\/vossgass.no\/en\/wp-json\/wp\/v2\/product"}],"about":[{"href":"https:\/\/vossgass.no\/en\/wp-json\/wp\/v2\/types\/product"}],"replies":[{"embeddable":true,"href":"https:\/\/vossgass.no\/en\/wp-json\/wp\/v2\/comments?post=15387"}],"wp:featuredmedia":[{"embeddable":true,"href":"https:\/\/vossgass.no\/en\/wp-json\/wp\/v2\/media\/16827"}],"wp:attachment":[{"href":"https:\/\/vossgass.no\/en\/wp-json\/wp\/v2\/media?parent=15387"}],"wp:term":[{"taxonomy":"product_brand","embeddable":true,"href":"https:\/\/vossgass.no\/en\/wp-json\/wp\/v2\/product_brand?post=15387"},{"taxonomy":"product_cat","embeddable":true,"href":"https:\/\/vossgass.no\/en\/wp-json\/wp\/v2\/product_cat?post=15387"},{"taxonomy":"product_tag","embeddable":true,"href":"https:\/\/vossgass.no\/en\/wp-json\/wp\/v2\/product_tag?post=15387"}],"curies":[{"name":"wp","href":"https:\/\/api.w.org\/{rel}","templated":true}]}}