{"id":15383,"date":"2025-04-15T17:12:46","date_gmt":"2025-04-15T15:12:46","guid":{"rendered":"https:\/\/vossgass.no\/produkt\/vienna-malt-25-kg-sekk-ebc-8\/"},"modified":"2026-04-07T12:43:14","modified_gmt":"2026-04-07T10:43:14","slug":"vienna-malt-25-kg-sekk-ebc-8","status":"publish","type":"product","link":"https:\/\/vossgass.no\/en\/product\/vienna-malt-25-kg-sekk-ebc-8\/","title":{"rendered":"Vienna Malt 25 kg EBC 4-7 HEIL"},"content":{"rendered":"","protected":false},"excerpt":{"rendered":"<p>NB! Alt malt blir knust og blanda, dersom det ikkje er spesifisert i kommentarfeltet.<\/p>\n<p>Ch\u00e2teau Vienna Malt eller Wienermalt er noe m\u00f8rkere enn pilsnermalt. Den brukes i m\u00f8rkere \u00f8ltyper som f.eks. det tyske M\u00e4rzen (oktoberfest \u00f8l). N\u00e5r fargen er litt m\u00f8rkere, s\u00e5 er det ogs\u00e5 en indikasjon p\u00e5 at denne gir mer maltsmak enn f.eks pilsnermalt.<\/p>\n<p>Type: Vienna Malt<br \/>\nFarge: 4 &#8211; 7 EBC<br \/>\nProdusent: Castle Malting, Belgia<\/p>\n<p>All malt blir knust og samla i ein pose hvis ikkje anna blir spesifisert av deg<br \/>\n(dette kan du skrive i melding-til-butikken-feltet rett f\u00f8r betalingsdelen)<\/p>\n<p>&#8211; forel\u00f8pig kan du KUN bestille heile kilo her i nettbutikken<\/p>\n<p>Som alternativ, kan du velge \u00e5 sende di eiga oppskrift til post@vossgass.no<br \/>\nd\u00e5 f\u00e5r du akkurat den mengde malt du ynskjer av sortane som er p\u00e5 lager her i nettbutikken.<br \/>\nN\u00e5r alt er klart, kan du vippse oss og me sender, eller du henter og betaler i butikken.<\/p>\n<p>&#8211; humle og andre r\u00e5varer er fast mengde og blir ikkje delt opp, d\u00e5 er alternativet \u00e5 kj\u00f8pe ferdige \u00f8lsett.<\/p>\n<p>M\u00c5 HENTAST I BUTIKK<br \/>\n&#8211; eller avtale levering\/sending i forkant av kj\u00f8p!<\/p>","protected":false},"featured_media":16823,"comment_status":"open","ping_status":"closed","template":"","meta":[],"product_brand":[],"product_cat":[91,169,149],"product_tag":[],"class_list":{"0":"post-15383","1":"product","2":"type-product","3":"status-publish","4":"has-post-thumbnail","6":"product_cat-heimabrygg","7":"product_cat-malt","8":"product_cat-ravarer","9":"product_shipping_class-kan-ikke-sendes","11":"first","12":"outofstock","13":"taxable","14":"shipping-taxable","15":"purchasable","16":"product-type-simple"},"_links":{"self":[{"href":"https:\/\/vossgass.no\/en\/wp-json\/wp\/v2\/product\/15383","targetHints":{"allow":["GET"]}}],"collection":[{"href":"https:\/\/vossgass.no\/en\/wp-json\/wp\/v2\/product"}],"about":[{"href":"https:\/\/vossgass.no\/en\/wp-json\/wp\/v2\/types\/product"}],"replies":[{"embeddable":true,"href":"https:\/\/vossgass.no\/en\/wp-json\/wp\/v2\/comments?post=15383"}],"wp:featuredmedia":[{"embeddable":true,"href":"https:\/\/vossgass.no\/en\/wp-json\/wp\/v2\/media\/16823"}],"wp:attachment":[{"href":"https:\/\/vossgass.no\/en\/wp-json\/wp\/v2\/media?parent=15383"}],"wp:term":[{"taxonomy":"product_brand","embeddable":true,"href":"https:\/\/vossgass.no\/en\/wp-json\/wp\/v2\/product_brand?post=15383"},{"taxonomy":"product_cat","embeddable":true,"href":"https:\/\/vossgass.no\/en\/wp-json\/wp\/v2\/product_cat?post=15383"},{"taxonomy":"product_tag","embeddable":true,"href":"https:\/\/vossgass.no\/en\/wp-json\/wp\/v2\/product_tag?post=15383"}],"curies":[{"name":"wp","href":"https:\/\/api.w.org\/{rel}","templated":true}]}}