{"id":15382,"date":"2025-04-15T17:12:41","date_gmt":"2025-04-15T15:12:41","guid":{"rendered":"https:\/\/vossgass.no\/produkt\/oat-havre-malt-1-kg\/"},"modified":"2026-01-29T16:26:23","modified_gmt":"2026-01-29T15:26:23","slug":"oat-havre-malt-1-kg","status":"publish","type":"product","link":"https:\/\/vossgass.no\/en\/product\/oat-havre-malt-1-kg\/","title":{"rendered":"OAT \/ Havre malt EBC 2,3  1 kg HEIL"},"content":{"rendered":"","protected":false},"excerpt":{"rendered":"<p>NB! Alt malt blir knust og blanda, dersom det ikkje er spesifisert i kommentarfeltet.<\/p>\n<p>Castle Malting CH\u00c2TEAU OAT MALT &#8211; Havremalt<\/p>\n<p>Ved \u00e5 tilsette havre i bryggets kornblanding, vil det gi en fyldigere og mykere munnf\u00f8lelse. Maltet havre har en m\u00fcslilignende smak som kan merkes i noen \u00f8l.<\/p>\n<p>Havre er vanligvis brukt som en umaltet medhjelper, men brukes ogs\u00e5 som malt. Ved \u00e5 tilsette havre i mesken, vil det gi en fyldigere og mykere munnf\u00f8lelse. Maltet havre har en m\u00fcslilignende smak som kan merkes i noen \u00f8l. Selv om st\u00f8rre mengder havre kan gj\u00f8re resirkulering og skylling til en strevsom prosess, s\u00e5 er smaken og teksturen som havren bidrar med, verdt strevet.<\/p>\n<p>All malt blir knust og samla i ein pose hvis ikkje anna blir spesifisert av deg<br \/>\n(dette kan du skrive i melding-til-butikken-feltet rett f\u00f8r betalingsdelen)<\/p>\n<p>&#8211; forel\u00f8pig kan du KUN bestille heile kilo her i nettbutikken<\/p>\n<p>Som alternativ, kan du velge \u00e5 sende di eiga oppskrift til post@vossgass.no<br \/>\nd\u00e5 f\u00e5r du akkurat den mengde malt du ynskjer av sortane som er p\u00e5 lager her i nettbutikken.<br \/>\nN\u00e5r alt er klart, kan du vippse oss og me sender, eller du henter og betaler i butikken.<\/p>\n<p>&#8211; humle og andre r\u00e5varer er fast mengde og blir ikkje delt opp, d\u00e5 er alternativet \u00e5 kj\u00f8pe ferdige \u00f8lsett.<\/p>","protected":false},"featured_media":16822,"comment_status":"open","ping_status":"closed","template":"","meta":[],"product_brand":[],"product_cat":[91,633,149],"product_tag":[],"class_list":{"0":"post-15382","1":"product","2":"type-product","3":"status-publish","4":"has-post-thumbnail","6":"product_cat-heimabrygg","7":"product_cat-malt-i-lausvekt","8":"product_cat-ravarer","10":"first","11":"instock","12":"taxable","13":"shipping-taxable","14":"purchasable","15":"product-type-simple"},"_links":{"self":[{"href":"https:\/\/vossgass.no\/en\/wp-json\/wp\/v2\/product\/15382","targetHints":{"allow":["GET"]}}],"collection":[{"href":"https:\/\/vossgass.no\/en\/wp-json\/wp\/v2\/product"}],"about":[{"href":"https:\/\/vossgass.no\/en\/wp-json\/wp\/v2\/types\/product"}],"replies":[{"embeddable":true,"href":"https:\/\/vossgass.no\/en\/wp-json\/wp\/v2\/comments?post=15382"}],"wp:featuredmedia":[{"embeddable":true,"href":"https:\/\/vossgass.no\/en\/wp-json\/wp\/v2\/media\/16822"}],"wp:attachment":[{"href":"https:\/\/vossgass.no\/en\/wp-json\/wp\/v2\/media?parent=15382"}],"wp:term":[{"taxonomy":"product_brand","embeddable":true,"href":"https:\/\/vossgass.no\/en\/wp-json\/wp\/v2\/product_brand?post=15382"},{"taxonomy":"product_cat","embeddable":true,"href":"https:\/\/vossgass.no\/en\/wp-json\/wp\/v2\/product_cat?post=15382"},{"taxonomy":"product_tag","embeddable":true,"href":"https:\/\/vossgass.no\/en\/wp-json\/wp\/v2\/product_tag?post=15382"}],"curies":[{"name":"wp","href":"https:\/\/api.w.org\/{rel}","templated":true}]}}