{"id":15380,"date":"2025-04-15T17:12:30","date_gmt":"2025-04-15T15:12:30","guid":{"rendered":"https:\/\/vossgass.no\/produkt\/munich-dunkel-1-kg-ebc-25\/"},"modified":"2026-03-14T13:42:31","modified_gmt":"2026-03-14T12:42:31","slug":"munich-dunkel-1-kg-ebc-25","status":"publish","type":"product","link":"https:\/\/vossgass.no\/en\/product\/munich-dunkel-1-kg-ebc-25\/","title":{"rendered":"Munich (Dunkel) 1 kg EBC 25 HEIL"},"content":{"rendered":"","protected":false},"excerpt":{"rendered":"<p>NB! Alt malt blir knust og blanda, dersom det ikkje er spesifisert i kommentarfeltet.<\/p>\n<p>Belgisk spesialmalt av Munich-type. Brennt opp til 100-105\u00b0C.<\/p>\n<p>Karakteristikk:<\/p>\n<p>Rik, gylden malt. Gir en beskjeden farge\u00f8kning mot en fin, gylden-oransje farge. Tilf\u00f8rer en uttalt kornete maltaktig smak til mange \u00f8lstiler uten \u00e5 p\u00e5virke skumstabiliteten og kroppen. Brukes ogs\u00e5 i sm\u00e5 mengder i kombinasjon med Ch\u00e2teau Pilsen 2RS for \u00e5 produsere lys farget \u00f8l, forbedre maltsmaken og gi \u00f8let en rikere farge. Forsterker smaken av karakter\u00f8l.<\/p>\n<p>Bruk:<\/p>\n<p>Pale ale, rav, brunt, sterkt og m\u00f8rkt \u00f8l, bocks. Opptil 60 % av blandingen.<\/p>\n<p>All malt blir knust og samla i ein pose hvis ikkje anna blir spesifisert av deg<br \/>\n(dette kan du skrive i melding-til-butikken-feltet rett f\u00f8r betalingsdelen)<\/p>\n<p>&#8211; forel\u00f8pig kan du KUN bestille heile kilo her i nettbutikken<\/p>\n<p>Som alternativ, kan du velge \u00e5 sende di eiga oppskrift til post@vossgass.no<br \/>\nd\u00e5 f\u00e5r du akkurat den mengde malt du ynskjer av sortane som er p\u00e5 lager her i nettbutikken.<br \/>\nN\u00e5r alt er klart, kan du vippse oss og me sender, eller du henter og betaler i butikken.<\/p>\n<p>&#8211; humle og andre r\u00e5varer er fast mengde og blir ikkje delt opp, d\u00e5 er alternativet \u00e5 kj\u00f8pe ferdige \u00f8lsett.<\/p>","protected":false},"featured_media":16820,"comment_status":"open","ping_status":"closed","template":"","meta":[],"product_brand":[],"product_cat":[91,633,149],"product_tag":[],"class_list":{"0":"post-15380","1":"product","2":"type-product","3":"status-publish","4":"has-post-thumbnail","6":"product_cat-heimabrygg","7":"product_cat-malt-i-lausvekt","8":"product_cat-ravarer","10":"first","11":"instock","12":"taxable","13":"shipping-taxable","14":"purchasable","15":"product-type-simple"},"_links":{"self":[{"href":"https:\/\/vossgass.no\/en\/wp-json\/wp\/v2\/product\/15380","targetHints":{"allow":["GET"]}}],"collection":[{"href":"https:\/\/vossgass.no\/en\/wp-json\/wp\/v2\/product"}],"about":[{"href":"https:\/\/vossgass.no\/en\/wp-json\/wp\/v2\/types\/product"}],"replies":[{"embeddable":true,"href":"https:\/\/vossgass.no\/en\/wp-json\/wp\/v2\/comments?post=15380"}],"wp:featuredmedia":[{"embeddable":true,"href":"https:\/\/vossgass.no\/en\/wp-json\/wp\/v2\/media\/16820"}],"wp:attachment":[{"href":"https:\/\/vossgass.no\/en\/wp-json\/wp\/v2\/media?parent=15380"}],"wp:term":[{"taxonomy":"product_brand","embeddable":true,"href":"https:\/\/vossgass.no\/en\/wp-json\/wp\/v2\/product_brand?post=15380"},{"taxonomy":"product_cat","embeddable":true,"href":"https:\/\/vossgass.no\/en\/wp-json\/wp\/v2\/product_cat?post=15380"},{"taxonomy":"product_tag","embeddable":true,"href":"https:\/\/vossgass.no\/en\/wp-json\/wp\/v2\/product_tag?post=15380"}],"curies":[{"name":"wp","href":"https:\/\/api.w.org\/{rel}","templated":true}]}}