{"id":15379,"date":"2025-04-15T17:12:24","date_gmt":"2025-04-15T15:12:24","guid":{"rendered":"https:\/\/vossgass.no\/produkt\/american-ipa\/"},"modified":"2026-03-17T12:23:56","modified_gmt":"2026-03-17T11:23:56","slug":"american-ipa","status":"publish","type":"product","link":"https:\/\/vossgass.no\/en\/product\/american-ipa\/","title":{"rendered":"American IPA"},"content":{"rendered":"","protected":false},"excerpt":{"rendered":"<p>OG ~1.060 \u2022 IBU ~84 \u2022 ABV ~6,5% \u2022 FG ~1.010 \u2022 ~12 EBC<\/p>\n<p>American IPA allgrain \u00f8lsettet er et v\u00e5re eldste og mestselgende \u00f8lsett som vi er sv\u00e6rt glade i. Men over \u00e5rene har den Amerikanske IPA&#8217;en forandret seg og derfor har vi modernisert v\u00e5rt kj\u00e6re \u00f8lsett til \u00e5 passe bedre inn i tiden. Maltbasen er juster for \u00e5 gj\u00f8re den b\u00e5de litt lysere i fargen og litt lettere p\u00e5 ABV. Samtidig har vi gjort om p\u00e5 humletilsetningen til &laquo;moderne&raquo; praksis som er standard hos de fleste bryggerier som brygger IPA i dag.<br \/>\nVed \u00e5 heller tilsette nesten all humle i &laquo;hop steep\/Whirlpool&raquo; og t\u00f8rrhumle f\u00e5r man en IPA som gir massevis av den herlige fruktigheten som vi \u00f8nsker \u00e5 f\u00e5 utav humla. M\u00e5let er \u00e5 f\u00e5 en svakt t\u00e5kete IPA som fremdeles har godt med bitterhet, slik en IPA skal ha, men med massevis av gode tropiske smaker fra humla.<\/p>\n<p>I denne pakken f\u00e5r du med de ingrediensene du trenger for \u00e5 brygge 25 liter \u00f8l.<\/p>\n<p>Pakken inneholder:<\/p>\n<p>6,65 kilo knust malt<br \/>\nFerdig oppm\u00e5lte humlepakker<br \/>\nValgfri gj\u00e6r, to pakker t\u00f8rrgj\u00e6r eller \u00e9n pakke flytende gj\u00e6r<\/p>","protected":false},"featured_media":16819,"comment_status":"open","ping_status":"closed","template":"","meta":[],"product_brand":[],"product_cat":[620,91,259],"product_tag":[],"class_list":{"0":"post-15379","1":"product","2":"type-product","3":"status-publish","4":"has-post-thumbnail","6":"product_cat-allgrain-sett","7":"product_cat-heimabrygg","8":"product_cat-ol-cidersett","10":"first","11":"instock","12":"taxable","13":"shipping-taxable","14":"purchasable","15":"product-type-simple"},"_links":{"self":[{"href":"https:\/\/vossgass.no\/en\/wp-json\/wp\/v2\/product\/15379","targetHints":{"allow":["GET"]}}],"collection":[{"href":"https:\/\/vossgass.no\/en\/wp-json\/wp\/v2\/product"}],"about":[{"href":"https:\/\/vossgass.no\/en\/wp-json\/wp\/v2\/types\/product"}],"replies":[{"embeddable":true,"href":"https:\/\/vossgass.no\/en\/wp-json\/wp\/v2\/comments?post=15379"}],"wp:featuredmedia":[{"embeddable":true,"href":"https:\/\/vossgass.no\/en\/wp-json\/wp\/v2\/media\/16819"}],"wp:attachment":[{"href":"https:\/\/vossgass.no\/en\/wp-json\/wp\/v2\/media?parent=15379"}],"wp:term":[{"taxonomy":"product_brand","embeddable":true,"href":"https:\/\/vossgass.no\/en\/wp-json\/wp\/v2\/product_brand?post=15379"},{"taxonomy":"product_cat","embeddable":true,"href":"https:\/\/vossgass.no\/en\/wp-json\/wp\/v2\/product_cat?post=15379"},{"taxonomy":"product_tag","embeddable":true,"href":"https:\/\/vossgass.no\/en\/wp-json\/wp\/v2\/product_tag?post=15379"}],"curies":[{"name":"wp","href":"https:\/\/api.w.org\/{rel}","templated":true}]}}