{"id":15377,"date":"2025-04-15T17:12:13","date_gmt":"2025-04-15T15:12:13","guid":{"rendered":"https:\/\/vossgass.no\/produkt\/7-fjell-smatos-american-blonde\/"},"modified":"2026-02-05T14:48:05","modified_gmt":"2026-02-05T13:48:05","slug":"7-fjell-smatos-american-blonde","status":"publish","type":"product","link":"https:\/\/vossgass.no\/en\/product\/7-fjell-smatos-american-blonde\/","title":{"rendered":"7 Fjell Sm\u00e5t\u00f8s, American Blonde"},"content":{"rendered":"","protected":false},"excerpt":{"rendered":"<p>Eit fruktigt \u00f8l med ein behageleg t\u00f8rr avslutning.<br \/>\nAromaen er forfriskande med lette innslag av<br \/>\nsitrus, gras, blomster og korn.<\/p>\n<p>\u00d8let er ein utmerket introduksjon i h\u00e5ndverks\u00f8lets<br \/>\nverden.<br \/>\nSm\u00e5t\u00f8s er ein betegnelse p\u00e5 kvinner i alle<br \/>\naldrar, og m\u00e5 ikkje tolkast i sin odi\u00f8se betydning.<\/p>\n<p>Oppskrifta er laga av bryggerimester Gahr Smith-<br \/>\nGahrsen hj\u00e5 7 Fjell Bryggeri.<\/p>\n<p>I denne pakka f\u00e5r du med dei ingrediensane du treng<br \/>\nfor \u00e5 brygga 25 liter \u00f8l med ferdig knust malt.<\/p>","protected":false},"featured_media":16817,"comment_status":"open","ping_status":"closed","template":"","meta":[],"product_brand":[],"product_cat":[620,91,259],"product_tag":[],"class_list":{"0":"post-15377","1":"product","2":"type-product","3":"status-publish","4":"has-post-thumbnail","6":"product_cat-allgrain-sett","7":"product_cat-heimabrygg","8":"product_cat-ol-cidersett","10":"first","11":"instock","12":"taxable","13":"shipping-taxable","14":"purchasable","15":"product-type-simple"},"_links":{"self":[{"href":"https:\/\/vossgass.no\/en\/wp-json\/wp\/v2\/product\/15377","targetHints":{"allow":["GET"]}}],"collection":[{"href":"https:\/\/vossgass.no\/en\/wp-json\/wp\/v2\/product"}],"about":[{"href":"https:\/\/vossgass.no\/en\/wp-json\/wp\/v2\/types\/product"}],"replies":[{"embeddable":true,"href":"https:\/\/vossgass.no\/en\/wp-json\/wp\/v2\/comments?post=15377"}],"wp:featuredmedia":[{"embeddable":true,"href":"https:\/\/vossgass.no\/en\/wp-json\/wp\/v2\/media\/16817"}],"wp:attachment":[{"href":"https:\/\/vossgass.no\/en\/wp-json\/wp\/v2\/media?parent=15377"}],"wp:term":[{"taxonomy":"product_brand","embeddable":true,"href":"https:\/\/vossgass.no\/en\/wp-json\/wp\/v2\/product_brand?post=15377"},{"taxonomy":"product_cat","embeddable":true,"href":"https:\/\/vossgass.no\/en\/wp-json\/wp\/v2\/product_cat?post=15377"},{"taxonomy":"product_tag","embeddable":true,"href":"https:\/\/vossgass.no\/en\/wp-json\/wp\/v2\/product_tag?post=15377"}],"curies":[{"name":"wp","href":"https:\/\/api.w.org\/{rel}","templated":true}]}}