{"id":15376,"date":"2025-04-15T17:12:08","date_gmt":"2025-04-15T15:12:08","guid":{"rendered":"https:\/\/vossgass.no\/produkt\/helles\/"},"modified":"2026-02-03T13:14:59","modified_gmt":"2026-02-03T12:14:59","slug":"helles","status":"publish","type":"product","link":"https:\/\/vossgass.no\/en\/product\/helles\/","title":{"rendered":"Helles"},"content":{"rendered":"","protected":false},"excerpt":{"rendered":"<p>OG 1.048 \u2022 IBU 20 \u2022 ABV 5,3% \u2022 FG 1.010 \u2022 7 EBC<\/p>\n<p>Flytende gull fra Bayern. Helles er antageligvis det \u00f8let det drikkes mest av i Tyskland, og det er lett \u00e5 forst\u00e5 hvorfor: Leskende lett maltbase, friskt og ukomplisert. Et ypperlig t\u00f8rsteslukker om sommeren! Helles har mye til felles med den klassiske, tyske pilsen, men er noe rundere i smaken og har gjerne mindre bitterhet. Maltsmaken er ogs\u00e5 noe mer fremtredende, og for mange selve hovedfokuset i \u00f8lstilen.  <\/p>\n<p>I denne pakken f\u00e5r du med de ingrediensene du trenger for \u00e5 brygge 25 liter:<\/p>\n<p>Pakken inneholder:<\/p>\n<p>5,05 kilo knust malt<br \/>\nFerdig oppm\u00e5lt humle<br \/>\nTre pakker t\u00f8rrgj\u00e6r<\/p>","protected":false},"featured_media":16816,"comment_status":"open","ping_status":"closed","template":"","meta":[],"product_brand":[],"product_cat":[620,91,259],"product_tag":[],"class_list":{"0":"post-15376","1":"product","2":"type-product","3":"status-publish","4":"has-post-thumbnail","6":"product_cat-allgrain-sett","7":"product_cat-heimabrygg","8":"product_cat-ol-cidersett","10":"first","11":"instock","12":"taxable","13":"shipping-taxable","14":"purchasable","15":"product-type-simple"},"_links":{"self":[{"href":"https:\/\/vossgass.no\/en\/wp-json\/wp\/v2\/product\/15376","targetHints":{"allow":["GET"]}}],"collection":[{"href":"https:\/\/vossgass.no\/en\/wp-json\/wp\/v2\/product"}],"about":[{"href":"https:\/\/vossgass.no\/en\/wp-json\/wp\/v2\/types\/product"}],"replies":[{"embeddable":true,"href":"https:\/\/vossgass.no\/en\/wp-json\/wp\/v2\/comments?post=15376"}],"wp:featuredmedia":[{"embeddable":true,"href":"https:\/\/vossgass.no\/en\/wp-json\/wp\/v2\/media\/16816"}],"wp:attachment":[{"href":"https:\/\/vossgass.no\/en\/wp-json\/wp\/v2\/media?parent=15376"}],"wp:term":[{"taxonomy":"product_brand","embeddable":true,"href":"https:\/\/vossgass.no\/en\/wp-json\/wp\/v2\/product_brand?post=15376"},{"taxonomy":"product_cat","embeddable":true,"href":"https:\/\/vossgass.no\/en\/wp-json\/wp\/v2\/product_cat?post=15376"},{"taxonomy":"product_tag","embeddable":true,"href":"https:\/\/vossgass.no\/en\/wp-json\/wp\/v2\/product_tag?post=15376"}],"curies":[{"name":"wp","href":"https:\/\/api.w.org\/{rel}","templated":true}]}}