{"id":15370,"date":"2025-04-15T17:11:35","date_gmt":"2025-04-15T15:11:35","guid":{"rendered":"https:\/\/vossgass.no\/produkt\/belgisk-blond\/"},"modified":"2026-03-11T11:47:01","modified_gmt":"2026-03-11T10:47:01","slug":"belgisk-blond","status":"publish","type":"product","link":"https:\/\/vossgass.no\/en\/product\/belgisk-blond\/","title":{"rendered":"Belgisk Blond \u00d8lsett All grain"},"content":{"rendered":"","protected":false},"excerpt":{"rendered":"<p>OG ~1.065 \u2022 IBU ~24 \u2022 ABV ~7,5% \u2022 FG ~1.006 \u2022 10 EBC<\/p>\n<p>Forfriskende, lys og med det karakteristiske, belgiske gj\u00e6rpreget. <\/p>\n<p>Belgisk Blond m\u00e5 ikke forveksles med sin amerikanske navnebror, Blonde Ale. Dette \u00f8let er sterkere, t\u00f8rrere og minst like lettdrikkelig.<br \/>\nFruktige estere og behagelige fenoler dominerer smaksbildet, som rundes fint av med humlekarakter fra europeisk humle.<br \/>\nOppskriften er utviklet av Eirik Nyg\u00e5rd, nestleder i Bryggselv, og \u00f8let tok 3. plass i klassen belgisk under NM i 2017<\/p>\n<p>I denne pakken f\u00e5r du med de ingrediensene du trenger for \u00e5 brygge 25 liter \u00f8l.<\/p>\n<p>Pakken inneholder:<\/p>\n<p>6,7 kilo knust malt<br \/>\nFerdig oppm\u00e5lte humlepakker<br \/>\nValgfri gj\u00e6r, to pakker t\u00f8rrgj\u00e6r eller \u00e9n pakke flytende gj\u00e6r<\/p>","protected":false},"featured_media":16810,"comment_status":"open","ping_status":"closed","template":"","meta":[],"product_brand":[],"product_cat":[620,91,259],"product_tag":[],"class_list":{"0":"post-15370","1":"product","2":"type-product","3":"status-publish","4":"has-post-thumbnail","6":"product_cat-allgrain-sett","7":"product_cat-heimabrygg","8":"product_cat-ol-cidersett","10":"first","11":"instock","12":"taxable","13":"shipping-taxable","14":"purchasable","15":"product-type-simple"},"_links":{"self":[{"href":"https:\/\/vossgass.no\/en\/wp-json\/wp\/v2\/product\/15370","targetHints":{"allow":["GET"]}}],"collection":[{"href":"https:\/\/vossgass.no\/en\/wp-json\/wp\/v2\/product"}],"about":[{"href":"https:\/\/vossgass.no\/en\/wp-json\/wp\/v2\/types\/product"}],"replies":[{"embeddable":true,"href":"https:\/\/vossgass.no\/en\/wp-json\/wp\/v2\/comments?post=15370"}],"wp:featuredmedia":[{"embeddable":true,"href":"https:\/\/vossgass.no\/en\/wp-json\/wp\/v2\/media\/16810"}],"wp:attachment":[{"href":"https:\/\/vossgass.no\/en\/wp-json\/wp\/v2\/media?parent=15370"}],"wp:term":[{"taxonomy":"product_brand","embeddable":true,"href":"https:\/\/vossgass.no\/en\/wp-json\/wp\/v2\/product_brand?post=15370"},{"taxonomy":"product_cat","embeddable":true,"href":"https:\/\/vossgass.no\/en\/wp-json\/wp\/v2\/product_cat?post=15370"},{"taxonomy":"product_tag","embeddable":true,"href":"https:\/\/vossgass.no\/en\/wp-json\/wp\/v2\/product_tag?post=15370"}],"curies":[{"name":"wp","href":"https:\/\/api.w.org\/{rel}","templated":true}]}}