{"id":15366,"date":"2025-04-15T17:11:12","date_gmt":"2025-04-15T15:11:12","guid":{"rendered":"https:\/\/vossgass.no\/produkt\/columbus-tomahawk-humle-100-gr-137-alfa\/"},"modified":"2026-03-17T12:22:56","modified_gmt":"2026-03-17T11:22:56","slug":"columbus-tomahawk-humle-100-gr-137-alfa","status":"publish","type":"product","link":"https:\/\/vossgass.no\/en\/product\/columbus-tomahawk-humle-100-gr-137-alfa\/","title":{"rendered":"Columbus\/Tomahawk humle 100 gr 13,7% alfa"},"content":{"rendered":"","protected":false},"excerpt":{"rendered":"<p>Columbus er en flott dual-purpose humle i \u00f8l, da den kommer med et bittert spark i tillegg til en heftig aroma. Den har en alfa verdi i omr\u00e5det 14-18%, som gj\u00f8r at den stiller bra til \u00e5 legge den bitre grunnmuren i \u00f8l som Pale Ale, IPA og Imperial Stout. I samme kapasitet blir denne humlen ogs\u00e5 brukt mot slutten av koketiden og som t\u00f8rrhumle for \u00e5 f\u00e5 en jordn\u00e6r urtekarakter sammen med dempet sitrus-aroma.<\/p>\n<p>Aroma\/Smak:<br \/>\nJordlig, krydret, dempet sitrus<\/p>\n<p>Bruksomr\u00e5de:<br \/>\nBitter, Smak, Aroma<\/p>\n<p>Alternativ humle:<br \/>\nChinook, Nugget, Warrior<\/p>\n<p>Anbefalte \u00f8lstiler:<br \/>\nPale Ale, IPA, Imperial Stout<\/p>\n<p>Tips til humlekombinasjoner:<br \/>\nColumbus, Citra, Mosaic, Azacca<br \/>\nColumbus, Chinook, Warrior, Nelson Sauvin<\/p>\n<p>Opprinnelsesland: USA<br \/>\nAlfasyreinnhold: 13,7%<br \/>\nForpakningsst\u00f8rrelse: 100 gram<\/p>","protected":false},"featured_media":16806,"comment_status":"open","ping_status":"closed","template":"","meta":[],"product_brand":[],"product_cat":[91,150,149],"product_tag":[],"class_list":{"0":"post-15366","1":"product","2":"type-product","3":"status-publish","4":"has-post-thumbnail","6":"product_cat-heimabrygg","7":"product_cat-humle","8":"product_cat-ravarer","10":"first","11":"instock","12":"taxable","13":"shipping-taxable","14":"purchasable","15":"product-type-simple"},"_links":{"self":[{"href":"https:\/\/vossgass.no\/en\/wp-json\/wp\/v2\/product\/15366","targetHints":{"allow":["GET"]}}],"collection":[{"href":"https:\/\/vossgass.no\/en\/wp-json\/wp\/v2\/product"}],"about":[{"href":"https:\/\/vossgass.no\/en\/wp-json\/wp\/v2\/types\/product"}],"replies":[{"embeddable":true,"href":"https:\/\/vossgass.no\/en\/wp-json\/wp\/v2\/comments?post=15366"}],"wp:featuredmedia":[{"embeddable":true,"href":"https:\/\/vossgass.no\/en\/wp-json\/wp\/v2\/media\/16806"}],"wp:attachment":[{"href":"https:\/\/vossgass.no\/en\/wp-json\/wp\/v2\/media?parent=15366"}],"wp:term":[{"taxonomy":"product_brand","embeddable":true,"href":"https:\/\/vossgass.no\/en\/wp-json\/wp\/v2\/product_brand?post=15366"},{"taxonomy":"product_cat","embeddable":true,"href":"https:\/\/vossgass.no\/en\/wp-json\/wp\/v2\/product_cat?post=15366"},{"taxonomy":"product_tag","embeddable":true,"href":"https:\/\/vossgass.no\/en\/wp-json\/wp\/v2\/product_tag?post=15366"}],"curies":[{"name":"wp","href":"https:\/\/api.w.org\/{rel}","templated":true}]}}