{"id":15362,"date":"2025-04-15T17:10:49","date_gmt":"2025-04-15T15:10:49","guid":{"rendered":"https:\/\/vossgass.no\/produkt\/cidersett-mixed-berry-kit-ca-23l\/"},"modified":"2026-03-12T11:41:33","modified_gmt":"2026-03-12T10:41:33","slug":"cidersett-mixed-berry-kit-ca-23l","status":"publish","type":"product","link":"https:\/\/vossgass.no\/en\/product\/cidersett-mixed-berry-kit-ca-23l\/","title":{"rendered":"Cidersett Mixed Berry Kit ca 23L"},"content":{"rendered":"","protected":false},"excerpt":{"rendered":"<p>Lett og s\u00f8t b\u00e6r cider, nytes best kald eller med is. Dette settet er glutenfritt.<\/p>\n<p>Ca alkoholprosent : 5,6%<\/p>\n<p>Settet inneholder flytende konsentrat fra b\u00e6r (bringeb\u00e6r, solb\u00e6r mm)og Premium Cider yeast . Du vil f\u00e5 ca 23L ferdig produkt med dette settet.<\/p>\n<p>Til dette ekstraktsettet vil du ogs\u00e5 trenge i tillegg 1kg dextrose for \u00e5 oppn\u00e5 \u00f8nsket alkoholprosent.<\/p>\n<p>Ekstraktsettene i &laquo;Craft-Serien&raquo; fra Mangrove Jack har to lommer, ene lommen inneholder maltekstrakten den andre lommen ligger t\u00f8rrgj\u00e6ren som f\u00f8lger med settet.<\/p>\n<p>Vi anbefaler :<br \/>\n&#8211; Rehydrering av t\u00f8rrgj\u00e6r. I en sanit\u00e6r beholder tilsettes 1 dl vann p\u00e5 ca. 30-35 \u00b0C per pakke t\u00f8rrgj\u00e6r. La det trekke i 20 min, deretter r\u00f8res det inn og er klart til bruk.<\/p>\n<p>Det f\u00f8lger med en instruks med selve settet.<br \/>\nNorsk instruks kan legges med.<\/p>","protected":false},"featured_media":16802,"comment_status":"open","ping_status":"closed","template":"","meta":[],"product_brand":[],"product_cat":[619,91,259],"product_tag":[],"class_list":{"0":"post-15362","1":"product","2":"type-product","3":"status-publish","4":"has-post-thumbnail","6":"product_cat-cidersett","7":"product_cat-heimabrygg","8":"product_cat-ol-cidersett","10":"first","11":"outofstock","12":"taxable","13":"shipping-taxable","14":"purchasable","15":"product-type-simple"},"_links":{"self":[{"href":"https:\/\/vossgass.no\/en\/wp-json\/wp\/v2\/product\/15362","targetHints":{"allow":["GET"]}}],"collection":[{"href":"https:\/\/vossgass.no\/en\/wp-json\/wp\/v2\/product"}],"about":[{"href":"https:\/\/vossgass.no\/en\/wp-json\/wp\/v2\/types\/product"}],"replies":[{"embeddable":true,"href":"https:\/\/vossgass.no\/en\/wp-json\/wp\/v2\/comments?post=15362"}],"wp:featuredmedia":[{"embeddable":true,"href":"https:\/\/vossgass.no\/en\/wp-json\/wp\/v2\/media\/16802"}],"wp:attachment":[{"href":"https:\/\/vossgass.no\/en\/wp-json\/wp\/v2\/media?parent=15362"}],"wp:term":[{"taxonomy":"product_brand","embeddable":true,"href":"https:\/\/vossgass.no\/en\/wp-json\/wp\/v2\/product_brand?post=15362"},{"taxonomy":"product_cat","embeddable":true,"href":"https:\/\/vossgass.no\/en\/wp-json\/wp\/v2\/product_cat?post=15362"},{"taxonomy":"product_tag","embeddable":true,"href":"https:\/\/vossgass.no\/en\/wp-json\/wp\/v2\/product_tag?post=15362"}],"curies":[{"name":"wp","href":"https:\/\/api.w.org\/{rel}","templated":true}]}}