{"id":15361,"date":"2025-04-15T17:10:42","date_gmt":"2025-04-15T15:10:42","guid":{"rendered":"https:\/\/vossgass.no\/produkt\/sanitaerbark-50-l-nelson-garden\/"},"modified":"2026-04-01T11:16:26","modified_gmt":"2026-04-01T09:16:26","slug":"sanitaerbark-50-l-nelson-garden","status":"publish","type":"product","link":"https:\/\/vossgass.no\/en\/product\/sanitaerbark-50-l-nelson-garden\/","title":{"rendered":"Sanit\u00e6rbark 50 L, Nelson Garden"},"content":{"rendered":"","protected":false},"excerpt":{"rendered":"<p>Demper ubehagelig lukt, bidrar til \u00e5 holde fluer og insekter borte, suger fuktighet og starter komposteringsprosessen. Til bruk i utedoer, biologiske toaletter, t\u00f8rrklosetter og snurredasser. M\u00e5 lagres t\u00f8rt.<\/p>","protected":false},"featured_media":16801,"comment_status":"open","ping_status":"closed","template":"","meta":[],"product_brand":[],"product_cat":[260],"product_tag":[],"class_list":{"0":"post-15361","1":"product","2":"type-product","3":"status-publish","4":"has-post-thumbnail","6":"product_cat-hytte-camping-fritid","8":"first","9":"instock","10":"taxable","11":"shipping-taxable","12":"purchasable","13":"product-type-simple"},"_links":{"self":[{"href":"https:\/\/vossgass.no\/en\/wp-json\/wp\/v2\/product\/15361","targetHints":{"allow":["GET"]}}],"collection":[{"href":"https:\/\/vossgass.no\/en\/wp-json\/wp\/v2\/product"}],"about":[{"href":"https:\/\/vossgass.no\/en\/wp-json\/wp\/v2\/types\/product"}],"replies":[{"embeddable":true,"href":"https:\/\/vossgass.no\/en\/wp-json\/wp\/v2\/comments?post=15361"}],"wp:featuredmedia":[{"embeddable":true,"href":"https:\/\/vossgass.no\/en\/wp-json\/wp\/v2\/media\/16801"}],"wp:attachment":[{"href":"https:\/\/vossgass.no\/en\/wp-json\/wp\/v2\/media?parent=15361"}],"wp:term":[{"taxonomy":"product_brand","embeddable":true,"href":"https:\/\/vossgass.no\/en\/wp-json\/wp\/v2\/product_brand?post=15361"},{"taxonomy":"product_cat","embeddable":true,"href":"https:\/\/vossgass.no\/en\/wp-json\/wp\/v2\/product_cat?post=15361"},{"taxonomy":"product_tag","embeddable":true,"href":"https:\/\/vossgass.no\/en\/wp-json\/wp\/v2\/product_tag?post=15361"}],"curies":[{"name":"wp","href":"https:\/\/api.w.org\/{rel}","templated":true}]}}