{"id":15360,"date":"2025-04-15T17:10:30","date_gmt":"2025-04-15T15:10:30","guid":{"rendered":"https:\/\/vossgass.no\/produkt\/lervig-lucky-jack\/"},"modified":"2026-03-17T12:24:49","modified_gmt":"2026-03-17T11:24:49","slug":"lervig-lucky-jack","status":"publish","type":"product","link":"https:\/\/vossgass.no\/en\/product\/lervig-lucky-jack\/","title":{"rendered":"Lervig Lucky Jack"},"content":{"rendered":"","protected":false},"excerpt":{"rendered":"<p>Ein av v\u00e5re absolutt mest popul\u00e6re \u00f8lsett.<br \/>\nLervig Lucky Jack er ein lys, gyllen, forfriskande amerikansk<br \/>\npale ale med middels mykje bitterheit fr\u00e5<br \/>\namerikansk humle.<br \/>\nEit utruleg forfriskande og<br \/>\ngodt \u00f8l, muligens oppskriften p\u00e5 den beste pale<br \/>\nalen som brygges i Norge?<br \/>\nMe elskar den og<br \/>\ndet trur me du og vil gjera.<br \/>\nEin garantert vinnar<br \/>\ntil varme sommardagar og v\u00e5rt bestselgande<br \/>\nallgrain \u00f8lsett gjennom tidene.<\/p>\n<p>I denne pakka f\u00e5r du med dei ingrediensane du<br \/>\ntreng for \u00e5 brygga ca 25 liter \u00f8l.<\/p>\n<p>OG 1.046 \u2022 IBU 34 \u2022 ABV 4,7% \u2022 FG 1.008-10 \u2022 14 EBC<\/p>\n<p>Pakken inneholder:<\/p>\n<p>4,7 kilo knust malt<br \/>\nFerdig oppm\u00e5lte humlepakker<br \/>\nTo pakker t\u00f8rrgj\u00e6r<\/p>","protected":false},"featured_media":16800,"comment_status":"open","ping_status":"closed","template":"","meta":[],"product_brand":[],"product_cat":[620,91,259],"product_tag":[],"class_list":{"0":"post-15360","1":"product","2":"type-product","3":"status-publish","4":"has-post-thumbnail","6":"product_cat-allgrain-sett","7":"product_cat-heimabrygg","8":"product_cat-ol-cidersett","10":"first","11":"instock","12":"taxable","13":"shipping-taxable","14":"purchasable","15":"product-type-simple"},"_links":{"self":[{"href":"https:\/\/vossgass.no\/en\/wp-json\/wp\/v2\/product\/15360","targetHints":{"allow":["GET"]}}],"collection":[{"href":"https:\/\/vossgass.no\/en\/wp-json\/wp\/v2\/product"}],"about":[{"href":"https:\/\/vossgass.no\/en\/wp-json\/wp\/v2\/types\/product"}],"replies":[{"embeddable":true,"href":"https:\/\/vossgass.no\/en\/wp-json\/wp\/v2\/comments?post=15360"}],"wp:featuredmedia":[{"embeddable":true,"href":"https:\/\/vossgass.no\/en\/wp-json\/wp\/v2\/media\/16800"}],"wp:attachment":[{"href":"https:\/\/vossgass.no\/en\/wp-json\/wp\/v2\/media?parent=15360"}],"wp:term":[{"taxonomy":"product_brand","embeddable":true,"href":"https:\/\/vossgass.no\/en\/wp-json\/wp\/v2\/product_brand?post=15360"},{"taxonomy":"product_cat","embeddable":true,"href":"https:\/\/vossgass.no\/en\/wp-json\/wp\/v2\/product_cat?post=15360"},{"taxonomy":"product_tag","embeddable":true,"href":"https:\/\/vossgass.no\/en\/wp-json\/wp\/v2\/product_tag?post=15360"}],"curies":[{"name":"wp","href":"https:\/\/api.w.org\/{rel}","templated":true}]}}