{"id":15359,"date":"2025-04-15T17:10:24","date_gmt":"2025-04-15T15:10:24","guid":{"rendered":"https:\/\/vossgass.no\/produkt\/kolsch\/"},"modified":"2026-03-28T13:17:40","modified_gmt":"2026-03-28T12:17:40","slug":"kolsch","status":"publish","type":"product","link":"https:\/\/vossgass.no\/en\/product\/kolsch\/","title":{"rendered":"K\u00f6lsch"},"content":{"rendered":"","protected":false},"excerpt":{"rendered":"<p>OG ~1.046 \u2022 IBU ~25 \u2022 ABV ~4,6% \u2022 FG ~1.010 \u2022 ~6 EBC<\/p>\n<p>En elegant, leskende og lett fruktig, tysk ale med r\u00f8tter i K\u00f6ln.<br \/>\nDet t\u00f8rre og forfriskende preget med innslag av korn og en lett, krydret tone fra humlen gir et subtilt \u00f8l som likevel har mange nyanser. <\/p>\n<p>En sann nytelse!<\/p>\n<p>NB! I dette \u00f8lsettet medf\u00f8lger humle som man m\u00e5 veie opp selv for tilsetting.<br \/>\nDet anbefales \u00e5 bruke en n\u00f8yaktig vekt. Dersom du ikke har en slik vekt, kan denne anbefales p\u00e5 det sterkeste!<\/p>\n<p>I denne pakken f\u00e5r du med de ingrediensene du trenger for \u00e5 brygge ca 25 liter \u00f8l.<\/p>\n<p>Pakken inneholder:<\/p>\n<p>4,8 kilo knust malt<br \/>\nFerdig oppm\u00e5lte humlepakker<br \/>\nValgfri gj\u00e6r, to pakker t\u00f8rrgj\u00e6r eller \u00e9n pakke flytende gj\u00e6r.<\/p>","protected":false},"featured_media":16799,"comment_status":"open","ping_status":"closed","template":"","meta":[],"product_brand":[],"product_cat":[620,91,259],"product_tag":[],"class_list":{"0":"post-15359","1":"product","2":"type-product","3":"status-publish","4":"has-post-thumbnail","6":"product_cat-allgrain-sett","7":"product_cat-heimabrygg","8":"product_cat-ol-cidersett","10":"first","11":"instock","12":"taxable","13":"shipping-taxable","14":"purchasable","15":"product-type-simple"},"_links":{"self":[{"href":"https:\/\/vossgass.no\/en\/wp-json\/wp\/v2\/product\/15359","targetHints":{"allow":["GET"]}}],"collection":[{"href":"https:\/\/vossgass.no\/en\/wp-json\/wp\/v2\/product"}],"about":[{"href":"https:\/\/vossgass.no\/en\/wp-json\/wp\/v2\/types\/product"}],"replies":[{"embeddable":true,"href":"https:\/\/vossgass.no\/en\/wp-json\/wp\/v2\/comments?post=15359"}],"wp:featuredmedia":[{"embeddable":true,"href":"https:\/\/vossgass.no\/en\/wp-json\/wp\/v2\/media\/16799"}],"wp:attachment":[{"href":"https:\/\/vossgass.no\/en\/wp-json\/wp\/v2\/media?parent=15359"}],"wp:term":[{"taxonomy":"product_brand","embeddable":true,"href":"https:\/\/vossgass.no\/en\/wp-json\/wp\/v2\/product_brand?post=15359"},{"taxonomy":"product_cat","embeddable":true,"href":"https:\/\/vossgass.no\/en\/wp-json\/wp\/v2\/product_cat?post=15359"},{"taxonomy":"product_tag","embeddable":true,"href":"https:\/\/vossgass.no\/en\/wp-json\/wp\/v2\/product_tag?post=15359"}],"curies":[{"name":"wp","href":"https:\/\/api.w.org\/{rel}","templated":true}]}}