{"id":15357,"date":"2025-04-15T17:10:14","date_gmt":"2025-04-15T15:10:14","guid":{"rendered":"https:\/\/vossgass.no\/produkt\/santas-self-medication\/"},"modified":"2026-02-03T13:13:08","modified_gmt":"2026-02-03T12:13:08","slug":"santas-self-medication","status":"publish","type":"product","link":"https:\/\/vossgass.no\/en\/product\/santas-self-medication\/","title":{"rendered":"Santas Self Medication"},"content":{"rendered":"","protected":false},"excerpt":{"rendered":"<p>Et mildt krydret humlepreg balanserer det kraftige maltpreget nydelig i dette \u00f8let. Smak og aroma karakteriseres av m\u00f8rk knekk, t\u00f8rket frukt som svisker og rosiner. \u00d8let er den perfekte avslutning p\u00e5 et godt julem\u00e5ltid<\/p>\n<p>I denne pakka f\u00e5r du med dei ingrediensane du treng for \u00e5 brygga 25 liter \u00f8l med ferdig knust malt.<\/p>","protected":false},"featured_media":16797,"comment_status":"open","ping_status":"closed","template":"","meta":[],"product_brand":[],"product_cat":[620,91,259],"product_tag":[],"class_list":{"0":"post-15357","1":"product","2":"type-product","3":"status-publish","4":"has-post-thumbnail","6":"product_cat-allgrain-sett","7":"product_cat-heimabrygg","8":"product_cat-ol-cidersett","10":"first","11":"instock","12":"taxable","13":"shipping-taxable","14":"purchasable","15":"product-type-simple"},"_links":{"self":[{"href":"https:\/\/vossgass.no\/en\/wp-json\/wp\/v2\/product\/15357","targetHints":{"allow":["GET"]}}],"collection":[{"href":"https:\/\/vossgass.no\/en\/wp-json\/wp\/v2\/product"}],"about":[{"href":"https:\/\/vossgass.no\/en\/wp-json\/wp\/v2\/types\/product"}],"replies":[{"embeddable":true,"href":"https:\/\/vossgass.no\/en\/wp-json\/wp\/v2\/comments?post=15357"}],"wp:featuredmedia":[{"embeddable":true,"href":"https:\/\/vossgass.no\/en\/wp-json\/wp\/v2\/media\/16797"}],"wp:attachment":[{"href":"https:\/\/vossgass.no\/en\/wp-json\/wp\/v2\/media?parent=15357"}],"wp:term":[{"taxonomy":"product_brand","embeddable":true,"href":"https:\/\/vossgass.no\/en\/wp-json\/wp\/v2\/product_brand?post=15357"},{"taxonomy":"product_cat","embeddable":true,"href":"https:\/\/vossgass.no\/en\/wp-json\/wp\/v2\/product_cat?post=15357"},{"taxonomy":"product_tag","embeddable":true,"href":"https:\/\/vossgass.no\/en\/wp-json\/wp\/v2\/product_tag?post=15357"}],"curies":[{"name":"wp","href":"https:\/\/api.w.org\/{rel}","templated":true}]}}