{"id":15356,"date":"2025-04-15T17:10:07","date_gmt":"2025-04-15T15:10:07","guid":{"rendered":"https:\/\/vossgass.no\/produkt\/amber-christmas\/"},"modified":"2026-02-03T13:12:51","modified_gmt":"2026-02-03T12:12:51","slug":"amber-christmas","status":"publish","type":"product","link":"https:\/\/vossgass.no\/en\/product\/amber-christmas\/","title":{"rendered":"Amber Christmas"},"content":{"rendered":"","protected":false},"excerpt":{"rendered":"<p>OG 1.060 \u2022 IBU ~47 \u2022 ABV 6,3% \u2022 FG ~1.012 \u2022 ~22 EBC<\/p>\n<p>I dette \u00f8let kombineres en markert maltprofil med toner av toffee, m\u00f8rk karamell og frukt med en frisk sitruspreget fruktighet fra humlen.<br \/>\nDette gj\u00f8r \u00f8let sv\u00e6rt godt egnet til fet julemat som ribbe og pinnekj\u00f8tt.<br \/>\nDet har s\u00f8dme nok til \u00e5 harmonere med kraftige kj\u00f8ttretter og humle nok til \u00e5 skj\u00e6re gjennom fettet.<br \/>\nMen \u00f8let kan selvsagt ogs\u00e5 nytes alene med stort hell!<\/p>\n<p>I denne pakken f\u00e5r du med de ingrediensene du trenger for \u00e5 brygge 25 liter \u00f8l.<\/p>\n<p>Pakken inneholder:<\/p>\n<p>6,7 kilo knust malt<br \/>\nFerdig oppm\u00e5lte humlepakker<br \/>\nTo pakker t\u00f8rrgj\u00e6r<\/p>","protected":false},"featured_media":16796,"comment_status":"open","ping_status":"closed","template":"","meta":[],"product_brand":[],"product_cat":[620,91,259],"product_tag":[],"class_list":{"0":"post-15356","1":"product","2":"type-product","3":"status-publish","4":"has-post-thumbnail","6":"product_cat-allgrain-sett","7":"product_cat-heimabrygg","8":"product_cat-ol-cidersett","10":"first","11":"instock","12":"taxable","13":"shipping-taxable","14":"purchasable","15":"product-type-simple"},"_links":{"self":[{"href":"https:\/\/vossgass.no\/en\/wp-json\/wp\/v2\/product\/15356","targetHints":{"allow":["GET"]}}],"collection":[{"href":"https:\/\/vossgass.no\/en\/wp-json\/wp\/v2\/product"}],"about":[{"href":"https:\/\/vossgass.no\/en\/wp-json\/wp\/v2\/types\/product"}],"replies":[{"embeddable":true,"href":"https:\/\/vossgass.no\/en\/wp-json\/wp\/v2\/comments?post=15356"}],"wp:featuredmedia":[{"embeddable":true,"href":"https:\/\/vossgass.no\/en\/wp-json\/wp\/v2\/media\/16796"}],"wp:attachment":[{"href":"https:\/\/vossgass.no\/en\/wp-json\/wp\/v2\/media?parent=15356"}],"wp:term":[{"taxonomy":"product_brand","embeddable":true,"href":"https:\/\/vossgass.no\/en\/wp-json\/wp\/v2\/product_brand?post=15356"},{"taxonomy":"product_cat","embeddable":true,"href":"https:\/\/vossgass.no\/en\/wp-json\/wp\/v2\/product_cat?post=15356"},{"taxonomy":"product_tag","embeddable":true,"href":"https:\/\/vossgass.no\/en\/wp-json\/wp\/v2\/product_tag?post=15356"}],"curies":[{"name":"wp","href":"https:\/\/api.w.org\/{rel}","templated":true}]}}