{"id":15355,"date":"2025-04-15T17:09:58","date_gmt":"2025-04-15T15:09:58","guid":{"rendered":"https:\/\/vossgass.no\/produkt\/lallemand-lalvin-ec1118-5g-champagne-cider-vingjaer\/"},"modified":"2026-01-10T11:26:12","modified_gmt":"2026-01-10T10:26:12","slug":"lallemand-lalvin-ec1118-5g-champagne-cider-vingjaer","status":"publish","type":"product","link":"https:\/\/vossgass.no\/en\/product\/lallemand-lalvin-ec1118-5g-champagne-cider-vingjaer\/","title":{"rendered":"Lallemand Lalvin EC1118 5g Champagne\/Cider\/Vingj\u00e6r T\u00f8rrgj\u00e6r"},"content":{"rendered":"","protected":false},"excerpt":{"rendered":"<p>EC-1 118 gj\u00e6r har v\u00e6rt isolert ifra Champagne og bruken er blitt validert av Comit\u00e9 Interprofessionnel du Vin de Champagne (CIVC).<\/p>\n<p>Med sin sterke karakter, dens evne til \u00e5 gj\u00e6re ved lav temperatur, gode flokkuleringsegenskaper og utmerket alkohol toleranse,<br \/>\ngj\u00f8r EC-1118 til en utmerket gj\u00e6r som kan brukes til for eksempel musserende viner, fruktvin og cider.<\/p>\n<p>Gj\u00e6rtype:\tVin\/mj\u00f8d<br \/>\nPasser til: Cider, Vin<br \/>\nVekt:\t5 g<\/p>","protected":false},"featured_media":16795,"comment_status":"open","ping_status":"closed","template":"","meta":[],"product_brand":[],"product_cat":[180,91,149],"product_tag":[],"class_list":{"0":"post-15355","1":"product","2":"type-product","3":"status-publish","4":"has-post-thumbnail","6":"product_cat-gjaer","7":"product_cat-heimabrygg","8":"product_cat-ravarer","10":"first","11":"instock","12":"taxable","13":"shipping-taxable","14":"purchasable","15":"product-type-simple"},"_links":{"self":[{"href":"https:\/\/vossgass.no\/en\/wp-json\/wp\/v2\/product\/15355","targetHints":{"allow":["GET"]}}],"collection":[{"href":"https:\/\/vossgass.no\/en\/wp-json\/wp\/v2\/product"}],"about":[{"href":"https:\/\/vossgass.no\/en\/wp-json\/wp\/v2\/types\/product"}],"replies":[{"embeddable":true,"href":"https:\/\/vossgass.no\/en\/wp-json\/wp\/v2\/comments?post=15355"}],"wp:featuredmedia":[{"embeddable":true,"href":"https:\/\/vossgass.no\/en\/wp-json\/wp\/v2\/media\/16795"}],"wp:attachment":[{"href":"https:\/\/vossgass.no\/en\/wp-json\/wp\/v2\/media?parent=15355"}],"wp:term":[{"taxonomy":"product_brand","embeddable":true,"href":"https:\/\/vossgass.no\/en\/wp-json\/wp\/v2\/product_brand?post=15355"},{"taxonomy":"product_cat","embeddable":true,"href":"https:\/\/vossgass.no\/en\/wp-json\/wp\/v2\/product_cat?post=15355"},{"taxonomy":"product_tag","embeddable":true,"href":"https:\/\/vossgass.no\/en\/wp-json\/wp\/v2\/product_tag?post=15355"}],"curies":[{"name":"wp","href":"https:\/\/api.w.org\/{rel}","templated":true}]}}