{"id":15353,"date":"2025-04-15T17:09:47","date_gmt":"2025-04-15T15:09:47","guid":{"rendered":"https:\/\/vossgass.no\/produkt\/northern-brewer-tyskland-56-100-gr-humle\/"},"modified":"2026-04-01T22:47:16","modified_gmt":"2026-04-01T20:47:16","slug":"northern-brewer-tyskland-56-100-gr-humle","status":"publish","type":"product","link":"https:\/\/vossgass.no\/en\/product\/northern-brewer-tyskland-56-100-gr-humle\/","title":{"rendered":"Northern Brewer Tyskland 6,7% A 100 gr Humle"},"content":{"rendered":"","protected":false},"excerpt":{"rendered":"<p>Beskrivelse: <\/p>\n<p>Northern Brewer \u2013 Uunnv\u00e6rlig i lager\u00f8l! NB er brukt som b\u00e5de bitter- og aromahumle under kokefasen. Northern Brewer har en lett tresmak med hint av mint. Den brukes mye som bitterhumle i alle lager\u00f8l og da ofte med Saaz som aromahumle. Northern Brewer er \u00e5 finne i en rekke europeiske Ales og Pils.Northern Brewer er opprinnelig fra England, men lever n\u00e5 livets glade dager i Tyskland og USA. Da den kom p\u00e5 markedet hadde denne dual-purpose humlen en h\u00f8y alfa verdi, men diverse super alfa humler har b\u00e5de doblet og triplet alfaniv\u00e5et siden da. Uansett s\u00e5 har Northern Brewer fra Tyskland (Kalles gjerne Hallertau Northern Brewer), gjort et inntrykk og er \u00e5 finne i en rekke europeiske Ales og Pils. <\/p>\n<p>Alfasyre: 5,6%<br \/>\nOpprinnelsesland: Tyskland<\/p>\n<p>Egenskap\/bruk: Dual-purpose (betyr at humlen kan brukes b\u00e5de som bitter- og aromahumle)<\/p>","protected":false},"featured_media":16793,"comment_status":"open","ping_status":"closed","template":"","meta":[],"product_brand":[],"product_cat":[91,150,149],"product_tag":[],"class_list":{"0":"post-15353","1":"product","2":"type-product","3":"status-publish","4":"has-post-thumbnail","6":"product_cat-heimabrygg","7":"product_cat-humle","8":"product_cat-ravarer","10":"first","11":"instock","12":"taxable","13":"shipping-taxable","14":"purchasable","15":"product-type-simple"},"_links":{"self":[{"href":"https:\/\/vossgass.no\/en\/wp-json\/wp\/v2\/product\/15353","targetHints":{"allow":["GET"]}}],"collection":[{"href":"https:\/\/vossgass.no\/en\/wp-json\/wp\/v2\/product"}],"about":[{"href":"https:\/\/vossgass.no\/en\/wp-json\/wp\/v2\/types\/product"}],"replies":[{"embeddable":true,"href":"https:\/\/vossgass.no\/en\/wp-json\/wp\/v2\/comments?post=15353"}],"wp:featuredmedia":[{"embeddable":true,"href":"https:\/\/vossgass.no\/en\/wp-json\/wp\/v2\/media\/16793"}],"wp:attachment":[{"href":"https:\/\/vossgass.no\/en\/wp-json\/wp\/v2\/media?parent=15353"}],"wp:term":[{"taxonomy":"product_brand","embeddable":true,"href":"https:\/\/vossgass.no\/en\/wp-json\/wp\/v2\/product_brand?post=15353"},{"taxonomy":"product_cat","embeddable":true,"href":"https:\/\/vossgass.no\/en\/wp-json\/wp\/v2\/product_cat?post=15353"},{"taxonomy":"product_tag","embeddable":true,"href":"https:\/\/vossgass.no\/en\/wp-json\/wp\/v2\/product_tag?post=15353"}],"curies":[{"name":"wp","href":"https:\/\/api.w.org\/{rel}","templated":true}]}}