{"id":15352,"date":"2025-04-15T17:09:41","date_gmt":"2025-04-15T15:09:41","guid":{"rendered":"https:\/\/vossgass.no\/produkt\/centennial-100gr-alpha-7-12\/"},"modified":"2026-04-24T18:14:51","modified_gmt":"2026-04-24T16:14:51","slug":"centennial-100gr-alpha-7-12","status":"publish","type":"product","link":"https:\/\/vossgass.no\/en\/product\/centennial-100gr-alpha-7-12\/","title":{"rendered":"Centennial 100gr Alpha 7-12 %"},"content":{"rendered":"","protected":false},"excerpt":{"rendered":"<p>Centennial \u2013 en sofistikert utgave av Cascade og har gjerne et h\u00f8yere alfasyreinnhold. Den er allikevel ikke p\u00e5 langt n\u00e6r s\u00e5 &laquo;citrusy&raquo; som Cascade. Centennial har v\u00e6rt med p\u00e5 \u00e5 gi \u00f8lbrygging en oppblomstring og humlen stiger stadig i popularitet. Denne kan brukes b\u00e5de som aromahumle og som bitterhumle. Bitterheten er ganske ren, og kan gi litt blomsteraroma avhengig av koketiden.<\/p>\n<p>Aroma\/Smak:<br \/>\nblomster, sitrus, furu<\/p>\n<p>Bruksomr\u00e5de:<br \/>\nBitter, Smak, Aroma<\/p>\n<p>Alternativ humle:<br \/>\nCascade, Columbus, Simcoe<\/p>\n<p>Anbefalte \u00f8lstiler:<br \/>\nIPA, NEIPA, Pale Ale og Lager<\/p>\n<p>Tips til humlekombinasjoner:<br \/>\nCentennial, Columbus, Simcoe<br \/>\nCentennial, Chinook, Comet<\/p>\n<p>Opprinnelsesland: USA<br \/>\nAlfasyreinnhold: 8,2%<br \/>\nForpakningsst\u00f8rrelse: 100 gram<\/p>","protected":false},"featured_media":16792,"comment_status":"open","ping_status":"closed","template":"","meta":[],"product_brand":[],"product_cat":[91,150,149],"product_tag":[],"class_list":{"0":"post-15352","1":"product","2":"type-product","3":"status-publish","4":"has-post-thumbnail","6":"product_cat-heimabrygg","7":"product_cat-humle","8":"product_cat-ravarer","10":"first","11":"instock","12":"taxable","13":"shipping-taxable","14":"purchasable","15":"product-type-simple"},"_links":{"self":[{"href":"https:\/\/vossgass.no\/en\/wp-json\/wp\/v2\/product\/15352","targetHints":{"allow":["GET"]}}],"collection":[{"href":"https:\/\/vossgass.no\/en\/wp-json\/wp\/v2\/product"}],"about":[{"href":"https:\/\/vossgass.no\/en\/wp-json\/wp\/v2\/types\/product"}],"replies":[{"embeddable":true,"href":"https:\/\/vossgass.no\/en\/wp-json\/wp\/v2\/comments?post=15352"}],"wp:featuredmedia":[{"embeddable":true,"href":"https:\/\/vossgass.no\/en\/wp-json\/wp\/v2\/media\/16792"}],"wp:attachment":[{"href":"https:\/\/vossgass.no\/en\/wp-json\/wp\/v2\/media?parent=15352"}],"wp:term":[{"taxonomy":"product_brand","embeddable":true,"href":"https:\/\/vossgass.no\/en\/wp-json\/wp\/v2\/product_brand?post=15352"},{"taxonomy":"product_cat","embeddable":true,"href":"https:\/\/vossgass.no\/en\/wp-json\/wp\/v2\/product_cat?post=15352"},{"taxonomy":"product_tag","embeddable":true,"href":"https:\/\/vossgass.no\/en\/wp-json\/wp\/v2\/product_tag?post=15352"}],"curies":[{"name":"wp","href":"https:\/\/api.w.org\/{rel}","templated":true}]}}