{"id":15345,"date":"2025-04-15T17:08:30","date_gmt":"2025-04-15T15:08:30","guid":{"rendered":"https:\/\/vossgass.no\/produkt\/bobilguiden-sorlandet-og-ostlandet\/"},"modified":"2025-10-08T15:28:19","modified_gmt":"2025-10-08T13:28:19","slug":"bobilguiden-sorlandet-og-ostlandet","status":"publish","type":"product","link":"https:\/\/vossgass.no\/en\/product\/bobilguiden-sorlandet-og-ostlandet\/","title":{"rendered":"Bobilguiden S\u00f8rlandet og \u00d8stlandet"},"content":{"rendered":"","protected":false},"excerpt":{"rendered":"<p>BOBILGUIDEN, S\u00f8rlandet og \u00d8stlandet beskriver 447 steder du kan overnatte med bobil eller campingvogn med tekst, dronebilder og kart.<\/p>","protected":false},"featured_media":16785,"comment_status":"open","ping_status":"closed","template":"","meta":[],"product_brand":[],"product_cat":[630,260],"product_tag":[],"class_list":{"0":"post-15345","1":"product","2":"type-product","3":"status-publish","4":"has-post-thumbnail","6":"product_cat-camping-bobilutsyr","7":"product_cat-hytte-camping-fritid","9":"first","10":"instock","11":"taxable","12":"shipping-taxable","13":"purchasable","14":"product-type-simple"},"_links":{"self":[{"href":"https:\/\/vossgass.no\/en\/wp-json\/wp\/v2\/product\/15345","targetHints":{"allow":["GET"]}}],"collection":[{"href":"https:\/\/vossgass.no\/en\/wp-json\/wp\/v2\/product"}],"about":[{"href":"https:\/\/vossgass.no\/en\/wp-json\/wp\/v2\/types\/product"}],"replies":[{"embeddable":true,"href":"https:\/\/vossgass.no\/en\/wp-json\/wp\/v2\/comments?post=15345"}],"wp:featuredmedia":[{"embeddable":true,"href":"https:\/\/vossgass.no\/en\/wp-json\/wp\/v2\/media\/16785"}],"wp:attachment":[{"href":"https:\/\/vossgass.no\/en\/wp-json\/wp\/v2\/media?parent=15345"}],"wp:term":[{"taxonomy":"product_brand","embeddable":true,"href":"https:\/\/vossgass.no\/en\/wp-json\/wp\/v2\/product_brand?post=15345"},{"taxonomy":"product_cat","embeddable":true,"href":"https:\/\/vossgass.no\/en\/wp-json\/wp\/v2\/product_cat?post=15345"},{"taxonomy":"product_tag","embeddable":true,"href":"https:\/\/vossgass.no\/en\/wp-json\/wp\/v2\/product_tag?post=15345"}],"curies":[{"name":"wp","href":"https:\/\/api.w.org\/{rel}","templated":true}]}}