{"id":15343,"date":"2025-04-15T17:08:02","date_gmt":"2025-04-15T15:08:02","guid":{"rendered":"https:\/\/vossgass.no\/produkt\/gassalarm-12-230-volt\/"},"modified":"2026-03-05T10:56:16","modified_gmt":"2026-03-05T09:56:16","slug":"gassalarm-12-230-volt","status":"publish","type":"product","link":"https:\/\/vossgass.no\/en\/product\/gassalarm-12-230-volt\/","title":{"rendered":"Gassalarm 12\/230 volt"},"content":{"rendered":"","protected":false},"excerpt":{"rendered":"<p>Gassalarm for hus, hytte, campingvogn, b\u00e5t og kj\u00f8kken. B\u00e5de for bruk med 12 eller 230 volt. Sensoren reagerer p\u00e5 tettheten av gasser i luften og vil gi en h\u00f8y varlslingslyd ved deteksjon.<\/p>\n<p>Merk:  Ved bruk av 12 volt er det sigarettuttak p\u00e5 kabelen.<\/p>","protected":false},"featured_media":16783,"comment_status":"open","ping_status":"closed","template":"","meta":[],"product_brand":[],"product_cat":[630,260],"product_tag":[],"class_list":{"0":"post-15343","1":"product","2":"type-product","3":"status-publish","4":"has-post-thumbnail","6":"product_cat-camping-bobilutsyr","7":"product_cat-hytte-camping-fritid","9":"first","10":"outofstock","11":"taxable","12":"shipping-taxable","13":"purchasable","14":"product-type-simple"},"_links":{"self":[{"href":"https:\/\/vossgass.no\/en\/wp-json\/wp\/v2\/product\/15343","targetHints":{"allow":["GET"]}}],"collection":[{"href":"https:\/\/vossgass.no\/en\/wp-json\/wp\/v2\/product"}],"about":[{"href":"https:\/\/vossgass.no\/en\/wp-json\/wp\/v2\/types\/product"}],"replies":[{"embeddable":true,"href":"https:\/\/vossgass.no\/en\/wp-json\/wp\/v2\/comments?post=15343"}],"wp:featuredmedia":[{"embeddable":true,"href":"https:\/\/vossgass.no\/en\/wp-json\/wp\/v2\/media\/16783"}],"wp:attachment":[{"href":"https:\/\/vossgass.no\/en\/wp-json\/wp\/v2\/media?parent=15343"}],"wp:term":[{"taxonomy":"product_brand","embeddable":true,"href":"https:\/\/vossgass.no\/en\/wp-json\/wp\/v2\/product_brand?post=15343"},{"taxonomy":"product_cat","embeddable":true,"href":"https:\/\/vossgass.no\/en\/wp-json\/wp\/v2\/product_cat?post=15343"},{"taxonomy":"product_tag","embeddable":true,"href":"https:\/\/vossgass.no\/en\/wp-json\/wp\/v2\/product_tag?post=15343"}],"curies":[{"name":"wp","href":"https:\/\/api.w.org\/{rel}","templated":true}]}}